{"id":5605,"date":"2022-11-08T17:11:11","date_gmt":"2022-11-08T22:11:11","guid":{"rendered":"https:\/\/importcruz.com\/?post_type=product&#038;p=5605"},"modified":"2023-01-09T08:52:26","modified_gmt":"2023-01-09T13:52:26","slug":"po-50horizontal3x3","status":"publish","type":"product","link":"https:\/\/importcruz.com\/index.php\/product\/po-50horizontal3x3\/","title":{"rendered":"PO-50HORIZONTAL3X3"},"content":{"rendered":"<p><strong>CARACTER\u00cdSTICAS<\/strong><strong>: \u00a0<\/strong>La Bomba Murzan reduce el uso de agua por cada kilo gramo de producto procesado. La bomba trabaja com\u00fanmente a dos turnos de producci\u00f3n y un turno de lavado y tambi\u00e9n tiene un bajo costo de mantenimiento.<\/p>\n<p>Tiene una capacidad arriba de 200 cuellos de pollo por minuto en suspensi\u00f3n, dependiendo de la concentraci\u00f3n de los s\u00f3lidos totales. La capacidad en s\u00f3lidos m\u00e1s peque\u00f1os ser\u00e1 mayor si se encuentran en las mismas condiciones.<\/p>\n<p>El lado h\u00famedo de la bomba puede construirse en SS-304; y en SBR o acabado arenado.\u00a0 Diafragmas y empaques sanitarios se pueden proveer en todos los materiales disponibles del mercado excepto tefl\u00f3n; las v\u00e1lvulas de retenci\u00f3n son del tipo flaps (compuertas o mariposas).<\/p>\n<p>La bomba Murzan est\u00e1 fijada con ferrules (clamps) sanitarios para desensamble manual \/ Dise\u00f1o sin puntos muertos, dando una visi\u00f3n 100% en inspecci\u00f3n de las partes h\u00famedas y mantiene la integridad del producto \/ Son port\u00e1tiles y operan en seco sin da\u00f1os \/ V\u00e1lvula de Aire interna anti-estancos \/ No tienen sellos mec\u00e1nicos \/\u00a0 Es una bomba de f\u00e1cil lavado y completamente drenable (secado). Es <em>cipiable<\/em> o apta para el m\u00e9todo CIP de limpieza de equipos \/ Murzan es una bomba listada en USDA con aprobaci\u00f3n \u201cFDA\u201d.<\/p>\n<p><em>Nota: Las Bombas <strong>deben operar con<\/strong> el \u201cEnsamble E de Murzan\u201d que incluye:\u00a0 Filtro\/Regulador\/ Variador de velocidad con v\u00e1lvula de aguja en Acero Inoxidable para garantizar la vida \u00fatil de la <strong>v\u00e1lvula de aire <\/strong>de la bomba. <\/em><\/p>\n","protected":false},"excerpt":{"rendered":"<p><a href=\"https:\/\/importcruz.com\/wp-content\/uploads\/2022\/11\/DESCARGAR_MURZAN-HORIZ.POULTRY.pdf\">DESCARGAR_MURZAN HORIZ.POULTRY<\/a><\/p>\n<p><strong>La BOMBA SANITARIA DE DIAFRAGMAS MURZAN <\/strong>es la mejor opci\u00f3n de <strong>trasiego<\/strong> bajo requerimientos sanitarios <strong>de alimentos de consumo humano<\/strong> y animal.<\/p>\n<p><strong>USOS<\/strong>: El Modelo PO-50 para industria av\u00edcola, PO-Poultry es m\u00e1s robusta para labor de transporte sanitario en plantas de procesamiento de pollos y aves de corral de: <strong>Patas, pescuezos o cuellos, cabezas, intestinos, mollejas, h\u00edgados, corazones, sangre<\/strong> y cualquier s\u00f3lido en suspensi\u00f3n de un di\u00e1metro de hasta 4<em>\u201d; y en el bombeo de patas de pollos la longitud m\u00e1xima de procesamiento es 7\u201d sin da\u00f1ar al producto.<\/em><\/p>\n","protected":false},"featured_media":5606,"template":"","meta":{"_joinchat":[]},"etheme_brands":[{"term_id":56,"name":"Bombas Metalicas","slug":"bombas-metalicas-murzan","term_group":0,"term_taxonomy_id":56,"taxonomy":"brand","description":"","parent":31,"count":4,"filter":"raw"},{"term_id":31,"name":"MURZAN","slug":"murzan","term_group":0,"term_taxonomy_id":31,"taxonomy":"brand","description":"","parent":0,"count":4,"filter":"raw"}],"product_cat":[32],"product_tag":[],"class_list":["post-5605","product","type-product","status-publish","has-post-thumbnail","hentry","brand-bombas-metalicas-murzan","brand-murzan","product_cat-murzan"],"_links":{"self":[{"href":"https:\/\/importcruz.com\/index.php\/wp-json\/wp\/v2\/product\/5605"}],"collection":[{"href":"https:\/\/importcruz.com\/index.php\/wp-json\/wp\/v2\/product"}],"about":[{"href":"https:\/\/importcruz.com\/index.php\/wp-json\/wp\/v2\/types\/product"}],"wp:featuredmedia":[{"embeddable":true,"href":"https:\/\/importcruz.com\/index.php\/wp-json\/wp\/v2\/media\/5606"}],"wp:attachment":[{"href":"https:\/\/importcruz.com\/index.php\/wp-json\/wp\/v2\/media?parent=5605"}],"wp:term":[{"taxonomy":"brand","embeddable":true,"href":"https:\/\/importcruz.com\/index.php\/wp-json\/wp\/v2\/etheme_brands?post=5605"},{"taxonomy":"product_cat","embeddable":true,"href":"https:\/\/importcruz.com\/index.php\/wp-json\/wp\/v2\/product_cat?post=5605"},{"taxonomy":"product_tag","embeddable":true,"href":"https:\/\/importcruz.com\/index.php\/wp-json\/wp\/v2\/product_tag?post=5605"}],"curies":[{"name":"wp","href":"https:\/\/api.w.org\/{rel}","templated":true}]}}