{"id":5602,"date":"2022-11-08T17:05:34","date_gmt":"2022-11-08T22:05:34","guid":{"rendered":"https:\/\/importcruz.com\/?post_type=product&#038;p=5602"},"modified":"2023-01-09T08:53:02","modified_gmt":"2023-01-09T13:53:02","slug":"pi-502x2","status":"publish","type":"product","link":"https:\/\/importcruz.com\/index.php\/product\/pi-502x2\/","title":{"rendered":"PI-502X2"},"content":{"rendered":"<p><strong>CARACTER\u00cdSTICAS<\/strong><strong>: <\/strong><\/p>\n<p>El lado h\u00famedo de la bomba Murzan es construido en Acero Inoxidable T316L pulido -180 grit (acabado#4); o, en SS SBR-acabado superficial arenado.\u00a0 Los diafragmas y empaques sanitarios vienen en todos los materiales; las v\u00e1lvulas de retenci\u00f3n-check son del tipo bolas; hongos; y flaps (compuertas o mariposas) seg\u00fan la aplicaci\u00f3n.<\/p>\n<p>Murzan est\u00e1 fijada con ferrules (clamps) sanitarios para un desensamble manual \/ Dise\u00f1o permite 100% inspecci\u00f3n de partes h\u00famedas porque no tiene puntos muertos o recovecos, y mantiene la integridad del producto, incluso no da\u00f1a las part\u00edculas en suspensi\u00f3n \/ Son port\u00e1tiles y capaces de operar en seco sin da\u00f1os \/ V\u00e1lvula de Aire interna anti-estancos en la operaci\u00f3n \/ No tienen sellos mec\u00e1nicos \/ Conexiones din\u00e1micas-rotaci\u00f3n de los manifolds y con opci\u00f3n de base giratoria para recuperar producto costoso o lavado de remanentes\/ De f\u00e1cil lavado y completamente drenable (secado), es <em>cipiable <\/em>&#8211; apta para el m\u00e9todo CIP de limpieza de equipos sin desmontar la bomba ni las tuber\u00edas \/ La bomba Murzan est\u00e1 listada en USDA, aprobada por la FDA y con est\u00e1ndares generales de 3-A y EHEDG.<\/p>\n<p><em>\u00a0Nota: Las Bombas <strong>deben operar con<\/strong> el \u201cEnsamble E de Murzan\u201d que incluye:\u00a0 Filtro\/Regulador\/ Variador de velocidad con v\u00e1lvula de aguja en Acero Inoxidable para garantizar la vida \u00fatil de la <strong>v\u00e1lvula de aire <\/strong>de la bomba. <\/em><\/p>\n","protected":false},"excerpt":{"rendered":"<p><strong><a href=\"https:\/\/importcruz.com\/wp-content\/uploads\/2022\/11\/DESCARGAR_MURZAN-2X2.pdf\">DESCARGAR_MURZAN 2X2<\/a><\/strong><\/p>\n<p><strong>La BOMBA SANITARIA DE DIAFRAGMAS MURZAN <\/strong>es la mejor opci\u00f3n de <strong>trasiego<\/strong> bajo requerimientos sanitarios <strong>de alimentos de consumo humano<\/strong> y animal.<\/p>\n<p><strong>USOS<\/strong>: El Modelo PI-50 se usa en aplicaciones de jugos o concentrados, pasta de tomate con adici\u00f3n de agua \/ salsa de tomate, bases de frutas para yogurt, queso cottage (no compactado) , huevos cocidos, relleno para pasteles, salsa parrillera BBQ, aderezos de ensaladas, mostaza, mayonesa, gel y cremas de cosm\u00e9tica-biofarmacia. Esta amplitud de aplicaciones se debe a que un sistema Murzan es capaz de bombear fluidos y pastas extremadamente viscosas (hasta 150.000 CPs).<\/p>\n","protected":false},"featured_media":5603,"template":"","meta":{"_joinchat":[]},"etheme_brands":[{"term_id":56,"name":"Bombas Metalicas","slug":"bombas-metalicas-murzan","term_group":0,"term_taxonomy_id":56,"taxonomy":"brand","description":"","parent":31,"count":4,"filter":"raw"},{"term_id":31,"name":"MURZAN","slug":"murzan","term_group":0,"term_taxonomy_id":31,"taxonomy":"brand","description":"","parent":0,"count":4,"filter":"raw"}],"product_cat":[32],"product_tag":[],"class_list":["post-5602","product","type-product","status-publish","has-post-thumbnail","hentry","brand-bombas-metalicas-murzan","brand-murzan","product_cat-murzan"],"_links":{"self":[{"href":"https:\/\/importcruz.com\/index.php\/wp-json\/wp\/v2\/product\/5602"}],"collection":[{"href":"https:\/\/importcruz.com\/index.php\/wp-json\/wp\/v2\/product"}],"about":[{"href":"https:\/\/importcruz.com\/index.php\/wp-json\/wp\/v2\/types\/product"}],"wp:featuredmedia":[{"embeddable":true,"href":"https:\/\/importcruz.com\/index.php\/wp-json\/wp\/v2\/media\/5603"}],"wp:attachment":[{"href":"https:\/\/importcruz.com\/index.php\/wp-json\/wp\/v2\/media?parent=5602"}],"wp:term":[{"taxonomy":"brand","embeddable":true,"href":"https:\/\/importcruz.com\/index.php\/wp-json\/wp\/v2\/etheme_brands?post=5602"},{"taxonomy":"product_cat","embeddable":true,"href":"https:\/\/importcruz.com\/index.php\/wp-json\/wp\/v2\/product_cat?post=5602"},{"taxonomy":"product_tag","embeddable":true,"href":"https:\/\/importcruz.com\/index.php\/wp-json\/wp\/v2\/product_tag?post=5602"}],"curies":[{"name":"wp","href":"https:\/\/api.w.org\/{rel}","templated":true}]}}