{"id":5592,"date":"2022-11-08T16:49:07","date_gmt":"2022-11-08T21:49:07","guid":{"rendered":"https:\/\/importcruz.com\/?post_type=product&#038;p=5592"},"modified":"2023-01-09T08:34:43","modified_gmt":"2023-01-09T13:34:43","slug":"npf25appb-bn","status":"publish","type":"product","link":"https:\/\/importcruz.com\/index.php\/product\/npf25appb-bn\/","title":{"rendered":"NPF25APPB-BN"},"content":{"rendered":"<p><strong>CARACTER\u00cdSTICAS: <\/strong>Son livianas y port\u00e1tiles \/ Su estructura es fijada con o abrazaderas o con pernos \/ Descarga por el puerto superior \/ Eje de acero que conecta a los diafragmas\/ V\u00e1lvula de Aire cl\u00e1sica tipo PWR Power-Flo \/ Opcional de certificaci\u00f3n Atex a prueba de atm\u00f3sferas explosivas.<\/p>\n<p><strong>DATO DEL RENDIMIENTO: <\/strong>A nivel promedio de operaci\u00f3n la bomba 148.0-<strong>N<\/strong>PF25 tiene <strong>un flujo de<\/strong> <strong>18GPM<\/strong> <em>(su caudal max. Es 42 GPM con Tefl\u00f3n )<\/em>, usando 20 CFMs(*) de aire cuando corre a una presi\u00f3n de entrada de aire de 60 PSI; y a <strong>50 PSI<\/strong> de presi\u00f3n de descarga, estimar esto en la curva de desempe\u00f1o (Performance) de la p\u00e1g.9 del \u201cManual de Operaci\u00f3n Nomad\u201d de la bomba.<em>\u00a0<\/em><\/p>\n<p><em>\u00a0(*) Un Compresor entrega unos 4 CFMs por cada HP -y- teniendo un tanque-reservorio, este modelo <\/em><strong>NPF<\/strong>20-<em>222.0- necesitar\u00eda de un compresor de 10Hp. <\/em><\/p>\n<p><em>\u00a0<\/em><em>Cada Bomba Nomad Met\u00e1lica <strong>deber\u00e1 operar con <\/strong>una Unidad de Mantenimiento o \u201cFiltro\/Regulador y m\u00f3dulo Lubricador\u201d para cuidar la vida \u00fatil de la <strong>v\u00e1lvula de aire<\/strong>, que es como el<strong> motor<\/strong> de las bombas neum\u00e1ticas de diafragmas. Recuerde que la presi\u00f3n de aire no debe mayor a 125 PSI, porque se romper\u00e1n los diafragmas. \u00a0\u00a0<\/em><\/p>\n","protected":false},"excerpt":{"rendered":"<p><a href=\"https:\/\/importcruz.com\/wp-content\/uploads\/2022\/11\/DESCARGAR_Nomad-PowerFlo_NPF25-APPB-PoliprTeflon.pdf\">DESCARGAR_Nomad PowerFlo_NPF25 APPB Polipr+Teflon<\/a><\/p>\n<p>Las <strong>BOMBAS NOMAD NO MET\u00c1LICAS<\/strong> fabricadas en Polipropileno para aplicaciones qu\u00edmicas exigentes y son reconocidas como bombas de demanda a pedido \u2013o- intermitentes. Nomad debe estar en sus traslados de fluidos medianamente abrasivos e inclusive con s\u00f3lidos en suspensi\u00f3n.<\/p>\n<p>Sus \u00a0varios <strong>materiales<\/strong> (<em>cauchos \u2013 elast\u00f3meros, termopl\u00e1sticos y PTFE<\/em>) disponibles para diafragmas, v\u00e1lvulas check y para el sistema de aire permiten a Nomad cumplir con altos est\u00e1ndares de fabricaci\u00f3n; y, garantizar una superior calidad en atenci\u00f3n a la temperatura, compatibilidad qu\u00edmica, flexibilidad y resistencia a la abrasi\u00f3n.<\/p>\n","protected":false},"featured_media":5593,"template":"","meta":{"_joinchat":[]},"etheme_brands":[{"term_id":55,"name":"Bombas Plasticas","slug":"bombas-plasticas-nomad","term_group":0,"term_taxonomy_id":55,"taxonomy":"brand","description":"","parent":41,"count":4,"filter":"raw"},{"term_id":41,"name":"NOMAD","slug":"nomad","term_group":0,"term_taxonomy_id":41,"taxonomy":"brand","description":"","parent":0,"count":12,"filter":"raw"}],"product_cat":[38],"product_tag":[],"class_list":["post-5592","product","type-product","status-publish","has-post-thumbnail","hentry","brand-bombas-plasticas-nomad","brand-nomad","product_cat-nomad"],"_links":{"self":[{"href":"https:\/\/importcruz.com\/index.php\/wp-json\/wp\/v2\/product\/5592"}],"collection":[{"href":"https:\/\/importcruz.com\/index.php\/wp-json\/wp\/v2\/product"}],"about":[{"href":"https:\/\/importcruz.com\/index.php\/wp-json\/wp\/v2\/types\/product"}],"wp:featuredmedia":[{"embeddable":true,"href":"https:\/\/importcruz.com\/index.php\/wp-json\/wp\/v2\/media\/5593"}],"wp:attachment":[{"href":"https:\/\/importcruz.com\/index.php\/wp-json\/wp\/v2\/media?parent=5592"}],"wp:term":[{"taxonomy":"brand","embeddable":true,"href":"https:\/\/importcruz.com\/index.php\/wp-json\/wp\/v2\/etheme_brands?post=5592"},{"taxonomy":"product_cat","embeddable":true,"href":"https:\/\/importcruz.com\/index.php\/wp-json\/wp\/v2\/product_cat?post=5592"},{"taxonomy":"product_tag","embeddable":true,"href":"https:\/\/importcruz.com\/index.php\/wp-json\/wp\/v2\/product_tag?post=5592"}],"curies":[{"name":"wp","href":"https:\/\/api.w.org\/{rel}","templated":true}]}}