{"id":5589,"date":"2022-11-08T16:31:55","date_gmt":"2022-11-08T21:31:55","guid":{"rendered":"https:\/\/importcruz.com\/?post_type=product&#038;p=5589"},"modified":"2023-01-09T08:39:48","modified_gmt":"2023-01-09T13:39:48","slug":"ntg50-sspb-tf-npf50-ss316-tf","status":"publish","type":"product","link":"https:\/\/importcruz.com\/index.php\/product\/ntg50-sspb-tf-npf50-ss316-tf\/","title":{"rendered":"NTG50-SSPB-TF   \/   NPF50-SS316-TF"},"content":{"rendered":"<p><strong>CARACTER\u00cdSTICAS: <\/strong>Son port\u00e1tiles y relativamente livianas, construidas en Acero Inoxidable 316 \u00a0\/ Su estructura es fijada con abrazaderas\/clamps para el m\u00e1s r\u00e1pido desensamble\/ Descarga superior para \u00e1reas dif\u00edciles\/ Eje (<em>rod-shaft<\/em>) de acero que une a los dos diafragmas\/ V\u00e1lvula de Aire comprobadas.<\/p>\n<p><strong>DATO DEL RENDIMIENTO: <\/strong>A nivel promedio de operaci\u00f3n la bomba 660.0-<strong>N<\/strong>TG50 SS tiene <strong>un flujo de 75 GPM<\/strong> <em>(su caudal max. es 163 GPM)<\/em>, usando <strong>60 CFMs<\/strong>(*) de aire cuando corre a una presi\u00f3n de entrada de aire de 60 PSI y a <strong>30 PSI<\/strong> de presi\u00f3n de descarga, estimar esto en la curva de desempe\u00f1o de la p\u00e1g.6 del \u201cManual de Operaci\u00f3n Nomad\u201d de cada bomba.<\/p>\n<p><em>\u00a0(*) Un Compresor entrega unos 4 CFMs por cada HP -y- teniendo un tanque-reservorio, este modelo 527.0- <\/em><strong>N<\/strong>TG50 SS <em>necesitar\u00eda de un compresor de 15Hp\/25Hp. (PUERTOS: Ferrul TC &#8211;\u00a0 y NPT)<\/em><\/p>\n<p><em>\u00a0<\/em><em>Cada Bomba Nomad Met\u00e1lica <strong>deber\u00e1 operar con <\/strong>una Unidad de Mantenimiento: M\u00f3dulo Filtro\/<strong>Regulador<\/strong> y M\u00f3dulo Lubricador\u201d para cuidar la vida \u00fatil de la <strong>v\u00e1lvula de aire<\/strong>, que hace las veces de \u201c<strong>motor<\/strong>\u201d en las bombas neum\u00e1ticas de diafragmas.\u00a0 Recuerde que la presi\u00f3n de aire no debe ser mayor a los 125 PSI (8.6 Bar) porque se romper\u00e1n los diafragmas. <\/em><\/p>\n","protected":false},"excerpt":{"rendered":"<p><a href=\"https:\/\/importcruz.com\/wp-content\/uploads\/2022\/11\/DESCARGAR_Nomad_TrFlo_NTG50-SSPB-Acero-InoxTeflon.pdf\">DESCARGAR_Nomad_TrFlo_NTG50 SSPB-Acero Inox+Teflon<\/a><\/p>\n<p>Las <strong>BOMBAS NOMAD DE ACERO INOXIDABLE <\/strong>son determinadas para el proceso de alimentos- bebidas y en la industria farmac\u00e9utica. Por su construcci\u00f3n en SS316 es una bomba robusta que es ensamblada con todas las opciones de material sanitario para diafragmas y bolas check: <em>elast\u00f3meros \/ termopl\u00e1sticos sanitarios y PTFE<\/em>.<\/p>\n<p>El lado central o<strong> del aire<\/strong> es de <strong>aluminio o <\/strong>de<strong> polipropileno<\/strong> seg\u00fan la compatibilidad con la aplicaci\u00f3n. Nomad tiene la v\u00e1lvula de aire cl\u00e1sica \u201cT\u201d TransFlo de bronce niquelado o la v\u00e1lvula TransFlo de polipropileno. Al cumplir con el est\u00e1ndar de fabricaci\u00f3n garantiza su operaci\u00f3n con flexibilidad, rangos de resistencia qu\u00edmica y resistencia a procesos corrosivos, de abrasi\u00f3n y temperatura.<\/p>\n","protected":false},"featured_media":5903,"template":"","meta":{"_joinchat":[]},"etheme_brands":[{"term_id":54,"name":"Bombas Met\u00e1licas","slug":"bombas-metalicas-nomad","term_group":0,"term_taxonomy_id":54,"taxonomy":"brand","description":"","parent":41,"count":7,"filter":"raw"},{"term_id":41,"name":"NOMAD","slug":"nomad","term_group":0,"term_taxonomy_id":41,"taxonomy":"brand","description":"","parent":0,"count":12,"filter":"raw"}],"product_cat":[38],"product_tag":[],"class_list":["post-5589","product","type-product","status-publish","has-post-thumbnail","hentry","brand-bombas-metalicas-nomad","brand-nomad","product_cat-nomad"],"_links":{"self":[{"href":"https:\/\/importcruz.com\/index.php\/wp-json\/wp\/v2\/product\/5589"}],"collection":[{"href":"https:\/\/importcruz.com\/index.php\/wp-json\/wp\/v2\/product"}],"about":[{"href":"https:\/\/importcruz.com\/index.php\/wp-json\/wp\/v2\/types\/product"}],"wp:featuredmedia":[{"embeddable":true,"href":"https:\/\/importcruz.com\/index.php\/wp-json\/wp\/v2\/media\/5903"}],"wp:attachment":[{"href":"https:\/\/importcruz.com\/index.php\/wp-json\/wp\/v2\/media?parent=5589"}],"wp:term":[{"taxonomy":"brand","embeddable":true,"href":"https:\/\/importcruz.com\/index.php\/wp-json\/wp\/v2\/etheme_brands?post=5589"},{"taxonomy":"product_cat","embeddable":true,"href":"https:\/\/importcruz.com\/index.php\/wp-json\/wp\/v2\/product_cat?post=5589"},{"taxonomy":"product_tag","embeddable":true,"href":"https:\/\/importcruz.com\/index.php\/wp-json\/wp\/v2\/product_tag?post=5589"}],"curies":[{"name":"wp","href":"https:\/\/api.w.org\/{rel}","templated":true}]}}