{"id":5218,"date":"2022-09-15T02:56:38","date_gmt":"2022-09-15T02:56:38","guid":{"rendered":"https:\/\/importcruz.com\/?post_type=product&#038;p=5218"},"modified":"2023-01-09T07:04:18","modified_gmt":"2023-01-09T12:04:18","slug":"tsa2-df5sw","status":"publish","type":"product","link":"https:\/\/importcruz.com\/index.php\/product\/tsa2-df5sw\/","title":{"rendered":"TSA2-DF5SW"},"content":{"rendered":"<p>&nbsp;<\/p>\n<p>Componentes de construcci\u00f3n de Acero Inoxidable 316 \/ Sus puertos, brazos m\u00faltiples son orientables \/ Descarga superior o inferior \/ Modelos de calidad superior SSB2\/SET2 tienen mecanismo electr\u00f3nico para detectar y prevenir p\u00e9rdidas o derrame de producto.<\/p>\n","protected":false},"excerpt":{"rendered":"<p><a href=\"https:\/\/importcruz.com\/wp-content\/uploads\/2022\/09\/DESCARGAR_Sandpiper_TSA2-Acero-Inox-Teflon.pdf\">DESCARGAR_Sandpiper_TSA2 Acero Inox-Teflon<\/a><\/p>\n<p>Las <strong>BOMBAS SANITARIAS <\/strong><strong>QUE CUMPLEN CON LA NORMA <\/strong><strong>FDA<\/strong> de materiales son para el procesamiento de alimentos; de la industria farmac\u00e9utica y cosm\u00e9tica. Configuradas con v\u00e1lvula (check) de retenci\u00f3n de bola o de flapeta (2\u201d). El caudal m\u00e1ximo de la bomba de 3\u201d es de 235 GPM. Son bombas especializadas construidas con partes de acero inoxidable que cumplen con las normas FDA, as\u00ed como los diafragmas, bolas, flapetas, asientos. El lado del aire es de aluminio revestido de epoxi blanco con herrajes de acero inoxidable.<\/p>\n","protected":false},"featured_media":5219,"template":"","meta":{"_joinchat":[]},"etheme_brands":[{"term_id":51,"name":"Bombas Especialidades","slug":"bombas-especialidades","term_group":0,"term_taxonomy_id":51,"taxonomy":"brand","description":"","parent":37,"count":7,"filter":"raw"},{"term_id":37,"name":"SANDPIPER","slug":"sandpiper","term_group":0,"term_taxonomy_id":37,"taxonomy":"brand","description":"","parent":0,"count":28,"filter":"raw"}],"product_cat":[36],"product_tag":[],"class_list":["post-5218","product","type-product","status-publish","has-post-thumbnail","hentry","brand-bombas-especialidades","brand-sandpiper","product_cat-sandpiper"],"_links":{"self":[{"href":"https:\/\/importcruz.com\/index.php\/wp-json\/wp\/v2\/product\/5218"}],"collection":[{"href":"https:\/\/importcruz.com\/index.php\/wp-json\/wp\/v2\/product"}],"about":[{"href":"https:\/\/importcruz.com\/index.php\/wp-json\/wp\/v2\/types\/product"}],"wp:featuredmedia":[{"embeddable":true,"href":"https:\/\/importcruz.com\/index.php\/wp-json\/wp\/v2\/media\/5219"}],"wp:attachment":[{"href":"https:\/\/importcruz.com\/index.php\/wp-json\/wp\/v2\/media?parent=5218"}],"wp:term":[{"taxonomy":"brand","embeddable":true,"href":"https:\/\/importcruz.com\/index.php\/wp-json\/wp\/v2\/etheme_brands?post=5218"},{"taxonomy":"product_cat","embeddable":true,"href":"https:\/\/importcruz.com\/index.php\/wp-json\/wp\/v2\/product_cat?post=5218"},{"taxonomy":"product_tag","embeddable":true,"href":"https:\/\/importcruz.com\/index.php\/wp-json\/wp\/v2\/product_tag?post=5218"}],"curies":[{"name":"wp","href":"https:\/\/api.w.org\/{rel}","templated":true}]}}