{"id":5216,"date":"2022-09-15T02:53:43","date_gmt":"2022-09-15T02:53:43","guid":{"rendered":"https:\/\/importcruz.com\/?post_type=product&#038;p=5216"},"modified":"2023-01-09T07:09:16","modified_gmt":"2023-01-09T12:09:16","slug":"t20-b1sdswt","status":"publish","type":"product","link":"https:\/\/importcruz.com\/index.php\/product\/t20-b1sdswt\/","title":{"rendered":"T20-B1SDSWT"},"content":{"rendered":"<p>Componentes de construcci\u00f3n de Acero Inoxidable 316 \/ Sus puertos, brazos m\u00faltiples son orientables \/ Descarga superior o inferior \/ Modelos de calidad superior SSB2\/SET2 tienen mecanismo electr\u00f3nico para detectar y prevenir p\u00e9rdidas o derrame de producto.<\/p>\n<p>Al ingresar aire sucio a este tipo de bombas siempre es necesario dar mantenimiento al lado del aire. Pero SANDPIPER es el \u00fanico fabricante que tiene un sistema de aire con servicio externo (ESADS), es decir que se puede acceder por completo a las v\u00e1lvulas de Aire y Piloto sin retirar la bomba del servicio. Para limpieza o reparaci\u00f3n se tomar\u00e1n menos de 10 minutos, mientras que las bombas de la competencia est\u00e1n mucho m\u00e1s tiempo de inactividad porque se debe desensamblar la bomba casi totalmente. ESADS es un dise\u00f1o simple, comprobado y original de SANDPIPER 100% reparable en l\u00ednea. Observar que otros fabricantes hacen cambios frecuentes en sus dise\u00f1os del sistema de aire, generando problemas de intercambiabilidad, inventario$ obsoleto$ y mayor costo de propiedad.<\/p>\n","protected":false},"excerpt":{"rendered":"<p><a href=\"https:\/\/importcruz.com\/wp-content\/uploads\/2022\/09\/DESCARGAR_Sandpiper_T20-S20-Acero-Inox-Teflon.pdf\">DESCARGAR_Sandpiper_T20 S20 Acero Inox-Teflon<\/a><\/p>\n<p>Las <strong>BOMBAS SANITARIAS SS316 <\/strong><strong>QUE CUMPLEN CON LA NORMA <\/strong><strong>FDA<\/strong> de materiales son para estar en contacto o procesamiento de alimentos, o en la industria farmac\u00e9utica y cosm\u00e9tica. Su construcci\u00f3n es empernada para rendimiento robusto; y, sin fugas-como pasa con las bombas para alimentos sujetadas con abrazaderas. Sus diafragmas, bolas y asientos son de tipo sanitario. Es la <strong>\u00fanica con la opci\u00f3n<\/strong> de V\u00e1lvulas de retenci\u00f3n de Flapetas (2\u201d TSA2) para paso de s\u00f3lidos grandes de hasta 2\u201d con succi\u00f3n superior y descarga por el puerto inferior.<\/p>\n<p>El <strong>lado del aire<\/strong> es de <strong>aluminio revestido de epoxi blanco<\/strong> con herrajes de acero inoxidable para compatibilidad con productos qu\u00edmicos de lavado y tiene disponible su parte central en acero SS el modelo T15. Cuentan con la certificaci\u00f3n EC-1935, siendo ideales para una variedad de aplicaciones de la industria cosm\u00e9tica, farmac\u00e9utica y por supuesto el procesamiento de alimentos y bebidas.<\/p>\n<p><strong>\u00a0<\/strong><\/p>\n","protected":false},"featured_media":5217,"template":"","meta":{"_joinchat":[]},"etheme_brands":[{"term_id":51,"name":"Bombas Especialidades","slug":"bombas-especialidades","term_group":0,"term_taxonomy_id":51,"taxonomy":"brand","description":"","parent":37,"count":7,"filter":"raw"},{"term_id":37,"name":"SANDPIPER","slug":"sandpiper","term_group":0,"term_taxonomy_id":37,"taxonomy":"brand","description":"","parent":0,"count":28,"filter":"raw"}],"product_cat":[36],"product_tag":[],"class_list":["post-5216","product","type-product","status-publish","has-post-thumbnail","hentry","brand-bombas-especialidades","brand-sandpiper","product_cat-sandpiper"],"_links":{"self":[{"href":"https:\/\/importcruz.com\/index.php\/wp-json\/wp\/v2\/product\/5216"}],"collection":[{"href":"https:\/\/importcruz.com\/index.php\/wp-json\/wp\/v2\/product"}],"about":[{"href":"https:\/\/importcruz.com\/index.php\/wp-json\/wp\/v2\/types\/product"}],"wp:featuredmedia":[{"embeddable":true,"href":"https:\/\/importcruz.com\/index.php\/wp-json\/wp\/v2\/media\/5217"}],"wp:attachment":[{"href":"https:\/\/importcruz.com\/index.php\/wp-json\/wp\/v2\/media?parent=5216"}],"wp:term":[{"taxonomy":"brand","embeddable":true,"href":"https:\/\/importcruz.com\/index.php\/wp-json\/wp\/v2\/etheme_brands?post=5216"},{"taxonomy":"product_cat","embeddable":true,"href":"https:\/\/importcruz.com\/index.php\/wp-json\/wp\/v2\/product_cat?post=5216"},{"taxonomy":"product_tag","embeddable":true,"href":"https:\/\/importcruz.com\/index.php\/wp-json\/wp\/v2\/product_tag?post=5216"}],"curies":[{"name":"wp","href":"https:\/\/api.w.org\/{rel}","templated":true}]}}