{"id":5210,"date":"2022-09-15T02:41:34","date_gmt":"2022-09-15T02:41:34","guid":{"rendered":"https:\/\/importcruz.com\/?post_type=product&#038;p=5210"},"modified":"2023-01-09T07:12:29","modified_gmt":"2023-01-09T12:12:29","slug":"sh2m-db7a","status":"publish","type":"product","link":"https:\/\/importcruz.com\/index.php\/product\/sh2m-db7a\/","title":{"rendered":"SH2M-DB7A"},"content":{"rendered":"<p>Es la l\u00ednea m\u00e1s completa de bombas de alta presi\u00f3n en la industria. <strong>: <\/strong>Control de flujo m\u00e1ximo en alta presi\u00f3n \/ Para trabajo pesado, fijadas con pernos y material s\u00f3lido\/ Orientaci\u00f3n \u00fanica en la industria, succi\u00f3n y descarga al extremo\/Rendimiento duradero comprobado \/ V\u00e1lvula de Aire patentada que no se ahoga y no se congela, a prueba de fallas inesperadas \/ Certificaciones Atex a prueba de atm\u00f3sferas explosivas \/Modelo EH2 para solidos peque\u00f1os de\u00a0 \u00bc\u201d(6mm); y modelo SH2 para solidos grandes 2\u201d(50mm). No importa qu\u00e9 bomba se adapte a sus necesidades, disfrutar\u00e1 de confiabilidad. Tenemos innovadores sistemas de v\u00e1lvulas de aire sin estancamiento, formaci\u00f3n de hielo, costosas fugas de aire y ayudan a extender la vida de su bomba. \u00a0En la foto de dos bombas acopladas en un \u201cSistema de Bombeo para Filtro Prensa\u201d, una S30 con gran caudal \u2013y- una SH2 con alta presi\u00f3n<em>.<\/em><\/p>\n<p>&nbsp;<\/p>\n","protected":false},"excerpt":{"rendered":"<p><a href=\"https:\/\/importcruz.com\/wp-content\/uploads\/2022\/09\/DESCARGAR_Sandpiper_SH2M-DB7A-2pulg-Flapetas.pdf\">DESCARGAR_Sandpiper_SH2M DB7A 2pulg-Flapetas<\/a><\/p>\n<p>Las <strong>BOMBAS SANDPIPER <\/strong><strong>DE ALTA PRESION<\/strong> <strong>(<\/strong><strong>H<\/strong><strong>IGH PRESSURE S<\/strong><strong>H<\/strong><strong>2 \/ E<\/strong><strong>H<\/strong><strong>2 <\/strong><strong>)<\/strong> de un solo diafragma neum\u00e1tico ofrecen una presi\u00f3n de descarga que duplica la presi\u00f3n de entrada, hasta 250 PSI o 17,2 Bares. Dise\u00f1adas para alimentaci\u00f3n de filtro prensa y aplicaciones que requieren una mayor presi\u00f3n de descarga. Disponibles en A aluminio; I hierro fundido; S acero inoxidable con varias opciones de elast\u00f3meros.<\/p>\n","protected":false},"featured_media":5211,"template":"","meta":{"_joinchat":[]},"etheme_brands":[{"term_id":51,"name":"Bombas Especialidades","slug":"bombas-especialidades","term_group":0,"term_taxonomy_id":51,"taxonomy":"brand","description":"","parent":37,"count":7,"filter":"raw"},{"term_id":37,"name":"SANDPIPER","slug":"sandpiper","term_group":0,"term_taxonomy_id":37,"taxonomy":"brand","description":"","parent":0,"count":28,"filter":"raw"}],"product_cat":[36],"product_tag":[],"class_list":["post-5210","product","type-product","status-publish","has-post-thumbnail","hentry","brand-bombas-especialidades","brand-sandpiper","product_cat-sandpiper"],"_links":{"self":[{"href":"https:\/\/importcruz.com\/index.php\/wp-json\/wp\/v2\/product\/5210"}],"collection":[{"href":"https:\/\/importcruz.com\/index.php\/wp-json\/wp\/v2\/product"}],"about":[{"href":"https:\/\/importcruz.com\/index.php\/wp-json\/wp\/v2\/types\/product"}],"wp:featuredmedia":[{"embeddable":true,"href":"https:\/\/importcruz.com\/index.php\/wp-json\/wp\/v2\/media\/5211"}],"wp:attachment":[{"href":"https:\/\/importcruz.com\/index.php\/wp-json\/wp\/v2\/media?parent=5210"}],"wp:term":[{"taxonomy":"brand","embeddable":true,"href":"https:\/\/importcruz.com\/index.php\/wp-json\/wp\/v2\/etheme_brands?post=5210"},{"taxonomy":"product_cat","embeddable":true,"href":"https:\/\/importcruz.com\/index.php\/wp-json\/wp\/v2\/product_cat?post=5210"},{"taxonomy":"product_tag","embeddable":true,"href":"https:\/\/importcruz.com\/index.php\/wp-json\/wp\/v2\/product_tag?post=5210"}],"curies":[{"name":"wp","href":"https:\/\/api.w.org\/{rel}","templated":true}]}}