{"id":5196,"date":"2022-09-15T02:18:45","date_gmt":"2022-09-15T02:18:45","guid":{"rendered":"https:\/\/importcruz.com\/?post_type=product&#038;p=5196"},"modified":"2023-01-09T07:21:08","modified_gmt":"2023-01-09T12:21:08","slug":"s10nm-b1p1sp","status":"publish","type":"product","link":"https:\/\/importcruz.com\/index.php\/product\/s10nm-b1p1sp\/","title":{"rendered":"S10NM-B1P1SP"},"content":{"rendered":"<p><a href=\"https:\/\/importcruz.com\/wp-content\/uploads\/2022\/09\/DESCARGAR_Sandpiper_S10NM-PVDF-Santopreno.pdf\">DESCARGAR_Sandpiper_S10NM PVDF-Santopreno<\/a><\/p>\n<p>Son livianas y port\u00e1tiles \/ Fijadas completamente con pernos\/ Descarga superior para \u00e1reas dif\u00edciles\/ Eje de acero para conexi\u00f3n y control de los diafragmas\/ V\u00e1lvula de Aire ESADS para limpieza externa y r\u00e1pida \/ Conexiones din\u00e1micas-rotaci\u00f3n de los brazos o m\u00faltiples\/ Certificaciones Atex a prueba de atm\u00f3sferas explosivas.<\/p>\n","protected":false},"excerpt":{"rendered":"<p>Son ideales como bombas de demanda intermitentes\/a pedido, port\u00e1tiles, con fluidos moderadamente abrasivos y con s\u00f3lidos suspendidos.<\/p>\n<p>Opciones de construcci\u00f3n en pl\u00e1sticos: PP Polipropileno, PTFE Tefl\u00f3n y PVDF (Poli-fluoruro de vinilideno) con diafragmas en todos los materiales; as\u00ed como las v\u00e1lvulas de retenci\u00f3n-check de bolas o esferas y tambi\u00e9n de flapetas o compuertas para s\u00f3lidos m\u00e1s grandes.<\/p>\n","protected":false},"featured_media":5197,"template":"","meta":{"_joinchat":[]},"etheme_brands":[{"term_id":48,"name":"Bombas Pl\u00e1sticas","slug":"bombas-plasticas","term_group":0,"term_taxonomy_id":48,"taxonomy":"brand","description":"","parent":37,"count":8,"filter":"raw"},{"term_id":37,"name":"SANDPIPER","slug":"sandpiper","term_group":0,"term_taxonomy_id":37,"taxonomy":"brand","description":"","parent":0,"count":28,"filter":"raw"}],"product_cat":[36],"product_tag":[],"class_list":["post-5196","product","type-product","status-publish","has-post-thumbnail","hentry","brand-bombas-plasticas","brand-sandpiper","product_cat-sandpiper"],"_links":{"self":[{"href":"https:\/\/importcruz.com\/index.php\/wp-json\/wp\/v2\/product\/5196"}],"collection":[{"href":"https:\/\/importcruz.com\/index.php\/wp-json\/wp\/v2\/product"}],"about":[{"href":"https:\/\/importcruz.com\/index.php\/wp-json\/wp\/v2\/types\/product"}],"wp:featuredmedia":[{"embeddable":true,"href":"https:\/\/importcruz.com\/index.php\/wp-json\/wp\/v2\/media\/5197"}],"wp:attachment":[{"href":"https:\/\/importcruz.com\/index.php\/wp-json\/wp\/v2\/media?parent=5196"}],"wp:term":[{"taxonomy":"brand","embeddable":true,"href":"https:\/\/importcruz.com\/index.php\/wp-json\/wp\/v2\/etheme_brands?post=5196"},{"taxonomy":"product_cat","embeddable":true,"href":"https:\/\/importcruz.com\/index.php\/wp-json\/wp\/v2\/product_cat?post=5196"},{"taxonomy":"product_tag","embeddable":true,"href":"https:\/\/importcruz.com\/index.php\/wp-json\/wp\/v2\/product_tag?post=5196"}],"curies":[{"name":"wp","href":"https:\/\/api.w.org\/{rel}","templated":true}]}}