{"id":5172,"date":"2022-09-15T01:27:59","date_gmt":"2022-09-15T01:27:59","guid":{"rendered":"https:\/\/importcruz.com\/?post_type=product&#038;p=5172"},"modified":"2023-01-09T08:19:34","modified_gmt":"2023-01-09T13:19:34","slug":"hdbsd1-sb5a","status":"publish","type":"product","link":"https:\/\/importcruz.com\/index.php\/product\/hdbsd1-sb5a\/","title":{"rendered":"HDBSD1-SB5A"},"content":{"rendered":"<p>Descarga inferior o superior para \u00e1reas dif\u00edciles \/ Fijadas completamente con pernos \/ Livianas y port\u00e1tiles \/ V\u00e1lvulas de Retenci\u00f3n de Bolas \/ Eje de acero m\u00e1s duradero para conexi\u00f3n de los diafragmas \/ V\u00e1lvula de Aire ESADS para limpieza externa y r\u00e1pida \/ Conexiones din\u00e1micas-rotaci\u00f3n de los brazos o m\u00faltiples \/ Certificaciones Atex a prueba de atm\u00f3sferas explosivas.<\/p>\n","protected":false},"excerpt":{"rendered":"<p><a href=\"https:\/\/importcruz.com\/wp-content\/uploads\/2022\/09\/DESCARGAR_Sandpiper_HDB1-SD1-Alum-Buna-1.pdf\">DESCARGAR_Sandpiper_HDB1 SD1 Alum-Buna<\/a><\/p>\n<p>Son ideales para uso intensivo con fluidos poco o muy viscosos y con s\u00f3lidos peque\u00f1os, por tener una excelente altura de succi\u00f3n y opciones de puertos variables (lateral, superior, inferior, dual).<\/p>\n<p>Se fabrican con paredes gruesas de aluminio moldeado en arena, hierro fundido y acero inoxidable con diafragmas y bolas check de Neopreno, Nitrilo y Santopreno; y est\u00e1n mejoradas con un Kit b\u00e1sico que reduce el desgaste de los componentes<\/p>\n","protected":false},"featured_media":5173,"template":"","meta":{"_joinchat":[]},"etheme_brands":[{"term_id":50,"name":"Bombas Metalicas Heavy Duty","slug":"bombas-metalicas-heavy-duty","term_group":0,"term_taxonomy_id":50,"taxonomy":"brand","description":"","parent":37,"count":8,"filter":"raw"},{"term_id":37,"name":"SANDPIPER","slug":"sandpiper","term_group":0,"term_taxonomy_id":37,"taxonomy":"brand","description":"","parent":0,"count":28,"filter":"raw"}],"product_cat":[36],"product_tag":[],"class_list":["post-5172","product","type-product","status-publish","has-post-thumbnail","hentry","brand-bombas-metalicas-heavy-duty","brand-sandpiper","product_cat-sandpiper"],"_links":{"self":[{"href":"https:\/\/importcruz.com\/index.php\/wp-json\/wp\/v2\/product\/5172"}],"collection":[{"href":"https:\/\/importcruz.com\/index.php\/wp-json\/wp\/v2\/product"}],"about":[{"href":"https:\/\/importcruz.com\/index.php\/wp-json\/wp\/v2\/types\/product"}],"wp:featuredmedia":[{"embeddable":true,"href":"https:\/\/importcruz.com\/index.php\/wp-json\/wp\/v2\/media\/5173"}],"wp:attachment":[{"href":"https:\/\/importcruz.com\/index.php\/wp-json\/wp\/v2\/media?parent=5172"}],"wp:term":[{"taxonomy":"brand","embeddable":true,"href":"https:\/\/importcruz.com\/index.php\/wp-json\/wp\/v2\/etheme_brands?post=5172"},{"taxonomy":"product_cat","embeddable":true,"href":"https:\/\/importcruz.com\/index.php\/wp-json\/wp\/v2\/product_cat?post=5172"},{"taxonomy":"product_tag","embeddable":true,"href":"https:\/\/importcruz.com\/index.php\/wp-json\/wp\/v2\/product_tag?post=5172"}],"curies":[{"name":"wp","href":"https:\/\/api.w.org\/{rel}","templated":true}]}}