{"id":5168,"date":"2022-09-15T01:21:49","date_gmt":"2022-09-15T01:21:49","guid":{"rendered":"https:\/\/importcruz.com\/?post_type=product&#038;p=5168"},"modified":"2023-01-09T08:21:16","modified_gmt":"2023-01-09T13:21:16","slug":"s20mb1a1aa","status":"publish","type":"product","link":"https:\/\/importcruz.com\/index.php\/product\/s20mb1a1aa\/","title":{"rendered":"S20MB1A1AA"},"content":{"rendered":"<p>Son livianas y port\u00e1tiles \/ Fijadas completamente con pernos\/ Descarga superior para \u00e1reas dif\u00edciles\/ Eje de acero para conexi\u00f3n y control de los diafragmas\/ V\u00e1lvula de Aire ESADS para limpieza externa\/ Conexiones din\u00e1micas-rotaci\u00f3n de los brazos o m\u00faltiples\/ Certificaciones Atex a prueba de atm\u00f3sferas explosivas.<\/p>\n","protected":false},"excerpt":{"rendered":"<p><a href=\"https:\/\/importcruz.com\/wp-content\/uploads\/2022\/09\/DESCARGAR_Sandpiper_S20M-Alum-VitonFKM.pdf\">DESCARGAR_Sandpiper_S20M Alum-VitonFKM<\/a><\/p>\n<p>Son ideales como bombas de demanda intermitentes\/a pedido; para el trasiego de fluidos moderadamente abrasivos y con s\u00f3lidos suspendidos.<\/p>\n<p>Opciones de construcci\u00f3n con A aluminio; I hierro fundido; S acero inoxidable; y H Alloy C equivalente a Hastelloy aleaci\u00f3n para un qu\u00edmico muy \u00e1cido como el Poli cloruro de aluminio PAC. Sus diafragmas pueden solicitarse en todos los materiales; as\u00ed como las v\u00e1lvulas de retenci\u00f3n-check de bolas o esferas<\/p>\n","protected":false},"featured_media":5169,"template":"","meta":{"_joinchat":[]},"etheme_brands":[{"term_id":47,"name":"Bombas Met\u00e1licas","slug":"bombas-metalicas","term_group":0,"term_taxonomy_id":47,"taxonomy":"brand","description":"","parent":37,"count":6,"filter":"raw"},{"term_id":37,"name":"SANDPIPER","slug":"sandpiper","term_group":0,"term_taxonomy_id":37,"taxonomy":"brand","description":"","parent":0,"count":28,"filter":"raw"}],"product_cat":[36],"product_tag":[],"class_list":["post-5168","product","type-product","status-publish","has-post-thumbnail","hentry","brand-bombas-metalicas","brand-sandpiper","product_cat-sandpiper"],"_links":{"self":[{"href":"https:\/\/importcruz.com\/index.php\/wp-json\/wp\/v2\/product\/5168"}],"collection":[{"href":"https:\/\/importcruz.com\/index.php\/wp-json\/wp\/v2\/product"}],"about":[{"href":"https:\/\/importcruz.com\/index.php\/wp-json\/wp\/v2\/types\/product"}],"wp:featuredmedia":[{"embeddable":true,"href":"https:\/\/importcruz.com\/index.php\/wp-json\/wp\/v2\/media\/5169"}],"wp:attachment":[{"href":"https:\/\/importcruz.com\/index.php\/wp-json\/wp\/v2\/media?parent=5168"}],"wp:term":[{"taxonomy":"brand","embeddable":true,"href":"https:\/\/importcruz.com\/index.php\/wp-json\/wp\/v2\/etheme_brands?post=5168"},{"taxonomy":"product_cat","embeddable":true,"href":"https:\/\/importcruz.com\/index.php\/wp-json\/wp\/v2\/product_cat?post=5168"},{"taxonomy":"product_tag","embeddable":true,"href":"https:\/\/importcruz.com\/index.php\/wp-json\/wp\/v2\/product_tag?post=5168"}],"curies":[{"name":"wp","href":"https:\/\/api.w.org\/{rel}","templated":true}]}}