{"id":5243,"date":"2022-09-16T10:54:53","date_gmt":"2022-09-16T15:54:53","guid":{"rendered":"https:\/\/importcruz.com\/?page_id=5243"},"modified":"2022-11-09T16:57:16","modified_gmt":"2022-11-09T21:57:16","slug":"murzan","status":"publish","type":"page","link":"https:\/\/importcruz.com\/index.php\/murzan\/","title":{"rendered":"MURZAN"},"content":{"rendered":"\t\t<div data-elementor-type=\"wp-page\" data-elementor-id=\"5243\" class=\"elementor elementor-5243\">\n\t\t\t\t\t\t\t\t\t<section class=\"elementor-section elementor-top-section elementor-element elementor-element-4b8f2e81 elementor-section-boxed elementor-section-height-default elementor-section-height-default\" data-id=\"4b8f2e81\" data-element_type=\"section\">\n\t\t\t\t\t\t<div class=\"elementor-container elementor-column-gap-default\">\n\t\t\t\t\t<div class=\"elementor-column elementor-col-50 elementor-top-column elementor-element elementor-element-34c1aea1\" data-id=\"34c1aea1\" data-element_type=\"column\" data-settings=\"{&quot;background_background&quot;:&quot;classic&quot;}\">\n\t\t\t<div class=\"elementor-widget-wrap elementor-element-populated\">\n\t\t\t\t\t\t\t\t<div class=\"elementor-element elementor-element-6d89a955 elementor-widget elementor-widget-text-editor\" data-id=\"6d89a955\" data-element_type=\"widget\" data-widget_type=\"text-editor.default\">\n\t\t\t\t<div class=\"elementor-widget-container\">\n\t\t\t<style>\/*! elementor - v3.9.2 - 21-12-2022 *\/\n.elementor-widget-text-editor.elementor-drop-cap-view-stacked .elementor-drop-cap{background-color:#818a91;color:#fff}.elementor-widget-text-editor.elementor-drop-cap-view-framed .elementor-drop-cap{color:#818a91;border:3px solid;background-color:transparent}.elementor-widget-text-editor:not(.elementor-drop-cap-view-default) .elementor-drop-cap{margin-top:8px}.elementor-widget-text-editor:not(.elementor-drop-cap-view-default) .elementor-drop-cap-letter{width:1em;height:1em}.elementor-widget-text-editor .elementor-drop-cap{float:left;text-align:center;line-height:1;font-size:50px}.elementor-widget-text-editor .elementor-drop-cap-letter{display:inline-block}<\/style>\t\t\t\t30 South Avenue San Francisco<br>\nPhone: +1 408 996 1010<br>\nEmail: Support@xstore.com<br>\t\t\t\t\t\t<\/div>\n\t\t\t\t<\/div>\n\t\t\t\t<div class=\"elementor-element elementor-element-54d23663 elementor-widget elementor-widget-etheme-follow\" data-id=\"54d23663\" data-element_type=\"widget\" data-widget_type=\"etheme-follow.default\">\n\t\t\t\t<div class=\"elementor-widget-container\">\n\t\t\t\r\n        <div class=\"et-follow-buttons buttons-size-normal justify-content- follow-913\">\r\n\r\n                                    <a href=\"#\" class=\"follow-facebook\" target=\"_blank\" rel=\"nofollow\">\r\n                            <i class=\"et-icon et-facebook\"><\/i>\r\n                                                            <span class=\"screen-reader-text\">Facebook<\/span>\r\n                                                    <\/a>\r\n                                            <a href=\"#\" class=\"follow-twitter\" target=\"_blank\" rel=\"nofollow\">\r\n                            <i class=\"et-icon et-twitter\"><\/i>\r\n                                                            <span class=\"screen-reader-text\">Twitter<\/span>\r\n                                                    <\/a>\r\n                                            <a href=\"#\" class=\"follow-instagram\" target=\"_blank\" rel=\"nofollow\">\r\n                            <i class=\"et-icon et-instagram\"><\/i>\r\n                                                            <span class=\"screen-reader-text\">Instagram<\/span>\r\n                                                    <\/a>\r\n                                            <a href=\"#\" class=\"follow-youtube\" target=\"_blank\" rel=\"nofollow\">\r\n                            <i class=\"et-icon et-youtube\"><\/i>\r\n                                                            <span class=\"screen-reader-text\">Youtube<\/span>\r\n                                                    <\/a>\r\n                                            <a href=\"#\" class=\"follow-telegram\" target=\"_blank\" rel=\"nofollow\">\r\n                            <i class=\"et-icon et-telegram\"><\/i>\r\n                                                            <span class=\"screen-reader-text\">Telegram<\/span>\r\n                                                    <\/a>\r\n                    \r\n        <\/div>\r\n\r\n        \t\t<\/div>\n\t\t\t\t<\/div>\n\t\t\t\t\t<\/div>\n\t\t<\/div>\n\t\t\t\t<div class=\"elementor-column elementor-col-50 elementor-top-column elementor-element elementor-element-2ae3ab66\" data-id=\"2ae3ab66\" data-element_type=\"column\">\n\t\t\t<div class=\"elementor-widget-wrap\">\n\t\t\t\t\t\t\t\t\t<\/div>\n\t\t<\/div>\n\t\t\t\t\t\t\t<\/div>\n\t\t<\/section>\n\t\t\t\t<section class=\"elementor-section elementor-top-section elementor-element elementor-element-5c0460e1 elementor-section-stretched elementor-section-full_width elementor-section-content-middle elementor-reverse-tablet elementor-reverse-mobile elementor-section-height-default elementor-section-height-default\" data-id=\"5c0460e1\" data-element_type=\"section\" data-settings=\"{&quot;stretch_section&quot;:&quot;section-stretched&quot;,&quot;background_background&quot;:&quot;classic&quot;}\">\n\t\t\t\t\t\t\t<div class=\"elementor-background-overlay\"><\/div>\n\t\t\t\t\t\t\t<div class=\"elementor-container elementor-column-gap-no\">\n\t\t\t\t\t<div class=\"elementor-column elementor-col-50 elementor-top-column elementor-element elementor-element-2c2fff09\" data-id=\"2c2fff09\" data-element_type=\"column\">\n\t\t\t<div class=\"elementor-widget-wrap elementor-element-populated\">\n\t\t\t\t\t\t\t\t<div class=\"elementor-element elementor-element-773240ad elementor-widget elementor-widget-heading\" data-id=\"773240ad\" data-element_type=\"widget\" data-widget_type=\"heading.default\">\n\t\t\t\t<div class=\"elementor-widget-container\">\n\t\t\t<style>\/*! elementor - v3.9.2 - 21-12-2022 *\/\n.elementor-heading-title{padding:0;margin:0;line-height:1}.elementor-widget-heading .elementor-heading-title[class*=elementor-size-]>a{color:inherit;font-size:inherit;line-height:inherit}.elementor-widget-heading .elementor-heading-title.elementor-size-small{font-size:15px}.elementor-widget-heading .elementor-heading-title.elementor-size-medium{font-size:19px}.elementor-widget-heading .elementor-heading-title.elementor-size-large{font-size:29px}.elementor-widget-heading .elementor-heading-title.elementor-size-xl{font-size:39px}.elementor-widget-heading .elementor-heading-title.elementor-size-xxl{font-size:59px}<\/style><h2 class=\"elementor-heading-title elementor-size-default\">MURZAN<\/h2>\t\t<\/div>\n\t\t\t\t<\/div>\n\t\t\t\t<div class=\"elementor-element elementor-element-8f21dde elementor-widget elementor-widget-text-editor\" data-id=\"8f21dde\" data-element_type=\"widget\" data-widget_type=\"text-editor.default\">\n\t\t\t\t<div class=\"elementor-widget-container\">\n\t\t\t\t\t\t\t<p>MURZAN\u00a0 empresa americana con sede en Norcross GA. USA, ofrece cuatro tipos de soluciones sanitarias:<\/p><ul><li>Bombas de diafragma MURZAN<sup>\u00ae<\/sup>.<\/li><li>Sistemas descargadores de tambores-bidones.<\/li><li>Proyectos personalizados, llave en mano.<\/li><li>Sistemas de limpieza en el lugar (CIP)<\/li><\/ul><p>Las bombas sanitarias de diafragma Murzan proporcionan un transporte seguro y eficiente del producto. Los sistemas de descarga Murzan integran nuestras bombas Murzan para descargar de manera eficiente y sin esfuerzo todas las variedades de contenedores sanitarios a granel. Murzan Projects ofrece soluciones llave en mano completas, que van desde sistemas de diluci\u00f3n en l\u00ednea hasta el dise\u00f1o e integraci\u00f3n de sistemas completos de plantas. Nuestros sistemas de limpieza in situ (CIP) complementan todos nuestros productos para proporcionar una limpieza sanitaria repetible de todos los equipos de procesamiento.<\/p>\t\t\t\t\t\t<\/div>\n\t\t\t\t<\/div>\n\t\t\t\t\t<\/div>\n\t\t<\/div>\n\t\t\t\t<div class=\"elementor-column elementor-col-50 elementor-top-column elementor-element elementor-element-bc56f10\" data-id=\"bc56f10\" data-element_type=\"column\" data-settings=\"{&quot;background_background&quot;:&quot;classic&quot;}\">\n\t\t\t<div class=\"elementor-widget-wrap elementor-element-populated\">\n\t\t\t\t\t\t\t\t<div class=\"elementor-element elementor-element-1831a725 elementor-widget elementor-widget-banner\" data-id=\"1831a725\" data-element_type=\"widget\" data-widget_type=\"banner.default\">\n\t\t\t\t<div class=\"elementor-widget-container\">\n\t\t\t\t    <div id=\"banner-4408\" class=\"banner  cursor-pointer banner-type-3 et_image-with-hover et_image-hover-3 valign-middle font-style-dark no-titles\" onclick=\"window.open('https:\/\/www.murzan.com\/','_blank')\">\r\n    \t\t<img loading=\"lazy\" decoding=\"async\" width=\"1024\" height=\"727\" src=\"https:\/\/importcruz.com\/wp-content\/uploads\/2022\/11\/IMG1-1024x727.png\" class=\"\" alt=\"\" srcset=\"https:\/\/importcruz.com\/wp-content\/uploads\/2022\/11\/IMG1-1024x727.png 1024w, https:\/\/importcruz.com\/wp-content\/uploads\/2022\/11\/IMG1-300x213.png 300w, https:\/\/importcruz.com\/wp-content\/uploads\/2022\/11\/IMG1-768x545.png 768w, https:\/\/importcruz.com\/wp-content\/uploads\/2022\/11\/IMG1-600x426.png 600w, https:\/\/importcruz.com\/wp-content\/uploads\/2022\/11\/IMG1-1x1.png 1w, https:\/\/importcruz.com\/wp-content\/uploads\/2022\/11\/IMG1-10x7.png 10w, https:\/\/importcruz.com\/wp-content\/uploads\/2022\/11\/IMG1.png 1147w\" sizes=\"(max-width: 1024px) 100vw, 1024px\" \/>\t    \t<div class=\"banner-content \">\r\n\r\n\t\t\t\t\t\t    \t<div class=\"content-inner\">\r\n\r\n\t\t    \t\t\r\n\t\t    \t<\/div>\r\n\t\t    \t\t\t\t\t\t\t<div class=\"button-wrap\">\r\n\t\t\t\t\t\t\t<div onclick=\"window.open('https:\/\/www.murzan.com\/','_blank')\" class=\"banner-button btn medium inline-block  cursor-pointer\">\r\n\t\t\t\t\t\t\t\tIR AL FABRICANTE\t\t\t\t\t\t\t<\/div>\r\n\t\t\t\t\t\t<\/div>\r\n\t\t\t\t\t    \t<\/div>\r\n\t  \t<\/div>\r\n\t\r\n\t\t\t\t<\/div>\n\t\t\t\t<\/div>\n\t\t\t\t\t<\/div>\n\t\t<\/div>\n\t\t\t\t\t\t\t<\/div>\n\t\t<\/section>\n\t\t\t\t<section class=\"elementor-section elementor-top-section elementor-element elementor-element-3abc3315 elementor-section-stretched elementor-section-full_width elementor-section-content-middle elementor-reverse-tablet elementor-reverse-mobile elementor-section-height-default elementor-section-height-default\" data-id=\"3abc3315\" data-element_type=\"section\" data-settings=\"{&quot;stretch_section&quot;:&quot;section-stretched&quot;}\">\n\t\t\t\t\t\t<div class=\"elementor-container elementor-column-gap-no\">\n\t\t\t\t\t<div class=\"elementor-column elementor-col-50 elementor-top-column elementor-element elementor-element-59c8f425\" data-id=\"59c8f425\" data-element_type=\"column\">\n\t\t\t<div class=\"elementor-widget-wrap elementor-element-populated\">\n\t\t\t\t\t\t\t\t<div class=\"elementor-element elementor-element-44ad1e2 elementor-widget elementor-widget-heading\" data-id=\"44ad1e2\" data-element_type=\"widget\" data-widget_type=\"heading.default\">\n\t\t\t\t<div class=\"elementor-widget-container\">\n\t\t\t<h2 class=\"elementor-heading-title elementor-size-default\">GENERALIDADES DE LAS BOMBAS MURZAN:<\/h2>\t\t<\/div>\n\t\t\t\t<\/div>\n\t\t\t\t<div class=\"elementor-element elementor-element-13e39240 elementor-widget elementor-widget-text-editor\" data-id=\"13e39240\" data-element_type=\"widget\" data-widget_type=\"text-editor.default\">\n\t\t\t\t<div class=\"elementor-widget-container\">\n\t\t\t\t\t\t\t<p><strong>Son Sanitarias por Dise\u00f1o:<\/strong>\u00a0En Murzan, entendemos los altos est\u00e1ndares requeridos de una planta de fabricaci\u00f3n sanitaria. Todos los equipos de Murzan son dise\u00f1ados para cumplir estrictamente con los est\u00e1ndares USDA \/ FDA\/ EHEDG \/ 3A de nivel mundial para proporcionar a nuestros clientes los mejores equipos sanitarios.<\/p><p><strong>Abrazaderas y conectores Tri-Clamp: <\/strong>Son la clave del f\u00e1cil desmontaje y la inspecci\u00f3n completa. Todos los equipos Murzan incorporan los conectores Tri-Clamp de acero inoxidable T304 para permitir la inspecci\u00f3n y limpieza total de todas las piezas h\u00famedas. Las partes h\u00famedas de Murzan se pueden desmontar, inspeccionar y limpiar en pocos minutos sin necesidad de herramientas ni configuraci\u00f3n especial.<\/p><p><strong>Acero Inoxidable:<\/strong>\u00a0Todas las bombas y sistemas Murzan est\u00e1n construidos con acero inoxidable T304 o T316L de la m\u00e1s alta calidad. El SS T316L m\u00e1s robusto es capaz de resistir altos niveles de corrosi\u00f3n y permanecer impermeable a los efectos de varios productos qu\u00edmicos industriales. Todas las superficies internas y externas de las bombas Murzan est\u00e1n mecanizadas con precisi\u00f3n y pulidas con un alto acabado para garantizar la transferencia m\u00e1s higi\u00e9nica del producto, reduciendo el riesgo de contaminaci\u00f3n cruzada en la planta.<\/p>\t\t\t\t\t\t<\/div>\n\t\t\t\t<\/div>\n\t\t\t\t\t<\/div>\n\t\t<\/div>\n\t\t\t\t<div class=\"elementor-column elementor-col-50 elementor-top-column elementor-element elementor-element-2812a09c\" data-id=\"2812a09c\" data-element_type=\"column\" data-settings=\"{&quot;background_background&quot;:&quot;classic&quot;}\">\n\t\t\t<div class=\"elementor-widget-wrap elementor-element-populated\">\n\t\t\t\t\t\t\t\t<div class=\"elementor-element elementor-element-6536e200 elementor-widget elementor-widget-banner\" data-id=\"6536e200\" data-element_type=\"widget\" data-settings=\"{&quot;_animation&quot;:&quot;none&quot;}\" data-widget_type=\"banner.default\">\n\t\t\t\t<div class=\"elementor-widget-container\">\n\t\t\t\t    <div id=\"banner-8659\" class=\"banner  banner-type-3 et_image-with-hover et_image-hover-3 valign-middle font-style-dark no-titles\" >\r\n    \t\t<img loading=\"lazy\" decoding=\"async\" width=\"813\" height=\"1024\" src=\"https:\/\/importcruz.com\/wp-content\/uploads\/2022\/11\/murzan-bomba-neumatica-main-813x1024-1.jpg\" class=\"\" alt=\"\" srcset=\"https:\/\/importcruz.com\/wp-content\/uploads\/2022\/11\/murzan-bomba-neumatica-main-813x1024-1.jpg 813w, https:\/\/importcruz.com\/wp-content\/uploads\/2022\/11\/murzan-bomba-neumatica-main-813x1024-1-238x300.jpg 238w, https:\/\/importcruz.com\/wp-content\/uploads\/2022\/11\/murzan-bomba-neumatica-main-813x1024-1-768x967.jpg 768w, https:\/\/importcruz.com\/wp-content\/uploads\/2022\/11\/murzan-bomba-neumatica-main-813x1024-1-600x756.jpg 600w, https:\/\/importcruz.com\/wp-content\/uploads\/2022\/11\/murzan-bomba-neumatica-main-813x1024-1-1x1.jpg 1w, https:\/\/importcruz.com\/wp-content\/uploads\/2022\/11\/murzan-bomba-neumatica-main-813x1024-1-8x10.jpg 8w\" sizes=\"(max-width: 813px) 100vw, 813px\" \/>\t    \t<div class=\"banner-content \">\r\n\r\n\t\t\t\t\t\t    \t<div class=\"content-inner\">\r\n\r\n\t\t    \t\t\r\n\t\t    \t<\/div>\r\n\t\t    \t\t    \t<\/div>\r\n\t  \t<\/div>\r\n\t\r\n\t\t\t\t<\/div>\n\t\t\t\t<\/div>\n\t\t\t\t\t<\/div>\n\t\t<\/div>\n\t\t\t\t\t\t\t<\/div>\n\t\t<\/section>\n\t\t\t\t<section class=\"elementor-section elementor-top-section elementor-element elementor-element-5fea7d76 elementor-section-stretched elementor-section-full_width elementor-section-content-middle elementor-section-height-default elementor-section-height-default\" data-id=\"5fea7d76\" data-element_type=\"section\" data-settings=\"{&quot;stretch_section&quot;:&quot;section-stretched&quot;}\">\n\t\t\t\t\t\t<div class=\"elementor-container elementor-column-gap-no\">\n\t\t\t\t\t<div class=\"elementor-column elementor-col-50 elementor-top-column elementor-element elementor-element-5a1a929d\" data-id=\"5a1a929d\" data-element_type=\"column\" data-settings=\"{&quot;background_background&quot;:&quot;classic&quot;}\">\n\t\t\t<div class=\"elementor-widget-wrap elementor-element-populated\">\n\t\t\t\t\t\t\t\t<div class=\"elementor-element elementor-element-63be9cc5 elementor-widget elementor-widget-banner\" data-id=\"63be9cc5\" data-element_type=\"widget\" data-widget_type=\"banner.default\">\n\t\t\t\t<div class=\"elementor-widget-container\">\n\t\t\t\t    <div id=\"banner-2502\" class=\"banner  banner-type-3 et_image-with-hover et_image-hover-3 valign-middle font-style-dark no-titles\" >\r\n    \t\t<img loading=\"lazy\" decoding=\"async\" width=\"1700\" height=\"2176\" src=\"https:\/\/importcruz.com\/wp-content\/uploads\/2022\/11\/5f7d07cc55d3e1db420c2d41_CIP_2a.png\" class=\"\" alt=\"\" srcset=\"https:\/\/importcruz.com\/wp-content\/uploads\/2022\/11\/5f7d07cc55d3e1db420c2d41_CIP_2a.png 1700w, https:\/\/importcruz.com\/wp-content\/uploads\/2022\/11\/5f7d07cc55d3e1db420c2d41_CIP_2a-234x300.png 234w, https:\/\/importcruz.com\/wp-content\/uploads\/2022\/11\/5f7d07cc55d3e1db420c2d41_CIP_2a-800x1024.png 800w, https:\/\/importcruz.com\/wp-content\/uploads\/2022\/11\/5f7d07cc55d3e1db420c2d41_CIP_2a-768x983.png 768w, https:\/\/importcruz.com\/wp-content\/uploads\/2022\/11\/5f7d07cc55d3e1db420c2d41_CIP_2a-1200x1536.png 1200w, https:\/\/importcruz.com\/wp-content\/uploads\/2022\/11\/5f7d07cc55d3e1db420c2d41_CIP_2a-1600x2048.png 1600w, https:\/\/importcruz.com\/wp-content\/uploads\/2022\/11\/5f7d07cc55d3e1db420c2d41_CIP_2a-1320x1690.png 1320w, https:\/\/importcruz.com\/wp-content\/uploads\/2022\/11\/5f7d07cc55d3e1db420c2d41_CIP_2a-600x768.png 600w, https:\/\/importcruz.com\/wp-content\/uploads\/2022\/11\/5f7d07cc55d3e1db420c2d41_CIP_2a-1x1.png 1w, https:\/\/importcruz.com\/wp-content\/uploads\/2022\/11\/5f7d07cc55d3e1db420c2d41_CIP_2a-8x10.png 8w\" sizes=\"(max-width: 1700px) 100vw, 1700px\" \/>\t    \t<div class=\"banner-content \">\r\n\r\n\t\t\t\t\t\t    \t<div class=\"content-inner\">\r\n\r\n\t\t    \t\t\r\n\t\t    \t<\/div>\r\n\t\t    \t\t    \t<\/div>\r\n\t  \t<\/div>\r\n\t\r\n\t\t\t\t<\/div>\n\t\t\t\t<\/div>\n\t\t\t\t\t<\/div>\n\t\t<\/div>\n\t\t\t\t<div class=\"elementor-column elementor-col-50 elementor-top-column elementor-element elementor-element-421dbba0\" data-id=\"421dbba0\" data-element_type=\"column\">\n\t\t\t<div class=\"elementor-widget-wrap elementor-element-populated\">\n\t\t\t\t\t\t\t\t<div class=\"elementor-element elementor-element-3811f5c4 elementor-widget elementor-widget-heading\" data-id=\"3811f5c4\" data-element_type=\"widget\" data-widget_type=\"heading.default\">\n\t\t\t\t<div class=\"elementor-widget-container\">\n\t\t\t<h2 class=\"elementor-heading-title elementor-size-default\">APLICACIONES<\/h2>\t\t<\/div>\n\t\t\t\t<\/div>\n\t\t\t\t<div class=\"elementor-element elementor-element-3a64ca7e elementor-widget elementor-widget-text-editor\" data-id=\"3a64ca7e\" data-element_type=\"widget\" data-widget_type=\"text-editor.default\">\n\t\t\t\t<div class=\"elementor-widget-container\">\n\t\t\t\t\t\t\t<p><span>Las bombas sanitarias Murzan pueden manejar los productos que ninguna otra bomba se atreve a intentar.\u00a0Desde productos\u00a0<\/span><span>espesos y viscosos<\/span><span>\u00a0, como pasta de tomate y mantequilla de man\u00ed, hasta productos sensibles al cizallamiento, como lociones y glaseados, y productos delicados, como reques\u00f3n y yogures.\u00a0Nuestras bombas m\u00e1s grandes se adaptan perfectamente a las industrias de carnes, aves y mariscos, capaces de manejar s\u00f3lidos grandes (hasta 6&#8243;) a altas tasas de flujo. Comun\u00edquese con nosotros para saber qu\u00e9 bomba se adapta mejor a sus necesidades.<\/span><\/p>\t\t\t\t\t\t<\/div>\n\t\t\t\t<\/div>\n\t\t\t\t<div class=\"elementor-element elementor-element-07e45ed elementor-align-center elementor-widget elementor-widget-button\" data-id=\"07e45ed\" data-element_type=\"widget\" data-widget_type=\"button.default\">\n\t\t\t\t<div class=\"elementor-widget-container\">\n\t\t\t\t\t<div class=\"elementor-button-wrapper\">\n\t\t\t<a href=\"https:\/\/importcruz.com\/index.php\/product-category\/murzan\/\" class=\"elementor-button-link elementor-button elementor-size-sm\" role=\"button\">\n\t\t\t\t\t\t<span class=\"elementor-button-content-wrapper\">\n\t\t\t\t\t\t<span class=\"elementor-button-text\">Ver Mas<\/span>\n\t\t<\/span>\n\t\t\t\t\t<\/a>\n\t\t<\/div>\n\t\t\t\t<\/div>\n\t\t\t\t<\/div>\n\t\t\t\t\t<\/div>\n\t\t<\/div>\n\t\t\t\t\t\t\t<\/div>\n\t\t<\/section>\n\t\t\t\t\t\t\t<\/div>\n\t\t","protected":false},"excerpt":{"rendered":"<p>30 South Avenue San Francisco Phone: +1 408 996 1010 Email: Support@xstore.com Facebook Twitter Instagram Youtube Telegram MURZAN MURZAN\u00a0 empresa americana con sede en Norcross&#8230;<\/p>\n","protected":false},"author":1,"featured_media":0,"parent":0,"menu_order":0,"comment_status":"closed","ping_status":"closed","template":"","meta":{"_joinchat":[],"footnotes":""},"class_list":["post-5243","page","type-page","status-publish","hentry"],"_links":{"self":[{"href":"https:\/\/importcruz.com\/index.php\/wp-json\/wp\/v2\/pages\/5243"}],"collection":[{"href":"https:\/\/importcruz.com\/index.php\/wp-json\/wp\/v2\/pages"}],"about":[{"href":"https:\/\/importcruz.com\/index.php\/wp-json\/wp\/v2\/types\/page"}],"author":[{"embeddable":true,"href":"https:\/\/importcruz.com\/index.php\/wp-json\/wp\/v2\/users\/1"}],"replies":[{"embeddable":true,"href":"https:\/\/importcruz.com\/index.php\/wp-json\/wp\/v2\/comments?post=5243"}],"version-history":[{"count":32,"href":"https:\/\/importcruz.com\/index.php\/wp-json\/wp\/v2\/pages\/5243\/revisions"}],"predecessor-version":[{"id":5702,"href":"https:\/\/importcruz.com\/index.php\/wp-json\/wp\/v2\/pages\/5243\/revisions\/5702"}],"wp:attachment":[{"href":"https:\/\/importcruz.com\/index.php\/wp-json\/wp\/v2\/media?parent=5243"}],"curies":[{"name":"wp","href":"https:\/\/api.w.org\/{rel}","templated":true}]}}