{"id":5238,"date":"2022-09-16T10:47:49","date_gmt":"2022-09-16T15:47:49","guid":{"rendered":"https:\/\/importcruz.com\/?page_id=5238"},"modified":"2022-11-09T16:55:39","modified_gmt":"2022-11-09T21:55:39","slug":"nomad","status":"publish","type":"page","link":"https:\/\/importcruz.com\/index.php\/nomad\/","title":{"rendered":"NOMAD"},"content":{"rendered":"\t\t<div data-elementor-type=\"wp-page\" data-elementor-id=\"5238\" class=\"elementor elementor-5238\">\n\t\t\t\t\t\t\t\t\t<section class=\"elementor-section elementor-top-section elementor-element elementor-element-396c7ca7 elementor-section-boxed elementor-section-height-default elementor-section-height-default\" data-id=\"396c7ca7\" data-element_type=\"section\">\n\t\t\t\t\t\t<div class=\"elementor-container elementor-column-gap-default\">\n\t\t\t\t\t<div class=\"elementor-column elementor-col-50 elementor-top-column elementor-element elementor-element-62e9213c\" data-id=\"62e9213c\" data-element_type=\"column\" data-settings=\"{&quot;background_background&quot;:&quot;classic&quot;}\">\n\t\t\t<div class=\"elementor-widget-wrap elementor-element-populated\">\n\t\t\t\t\t\t\t\t<div class=\"elementor-element elementor-element-523f16a7 elementor-widget elementor-widget-text-editor\" data-id=\"523f16a7\" data-element_type=\"widget\" data-widget_type=\"text-editor.default\">\n\t\t\t\t<div class=\"elementor-widget-container\">\n\t\t\t<style>\/*! elementor - v3.9.2 - 21-12-2022 *\/\n.elementor-widget-text-editor.elementor-drop-cap-view-stacked .elementor-drop-cap{background-color:#818a91;color:#fff}.elementor-widget-text-editor.elementor-drop-cap-view-framed .elementor-drop-cap{color:#818a91;border:3px solid;background-color:transparent}.elementor-widget-text-editor:not(.elementor-drop-cap-view-default) .elementor-drop-cap{margin-top:8px}.elementor-widget-text-editor:not(.elementor-drop-cap-view-default) .elementor-drop-cap-letter{width:1em;height:1em}.elementor-widget-text-editor .elementor-drop-cap{float:left;text-align:center;line-height:1;font-size:50px}.elementor-widget-text-editor .elementor-drop-cap-letter{display:inline-block}<\/style>\t\t\t\t30 South Avenue San Francisco<br>\nPhone: +1 408 996 1010<br>\nEmail: Support@xstore.com<br>\t\t\t\t\t\t<\/div>\n\t\t\t\t<\/div>\n\t\t\t\t<div class=\"elementor-element elementor-element-555fdb4 elementor-widget elementor-widget-etheme-follow\" data-id=\"555fdb4\" data-element_type=\"widget\" data-widget_type=\"etheme-follow.default\">\n\t\t\t\t<div class=\"elementor-widget-container\">\n\t\t\t\r\n        <div class=\"et-follow-buttons buttons-size-normal justify-content- follow-934\">\r\n\r\n                                    <a href=\"#\" class=\"follow-facebook\" target=\"_blank\" rel=\"nofollow\">\r\n                            <i class=\"et-icon et-facebook\"><\/i>\r\n                                                            <span class=\"screen-reader-text\">Facebook<\/span>\r\n                                                    <\/a>\r\n                                            <a href=\"#\" class=\"follow-twitter\" target=\"_blank\" rel=\"nofollow\">\r\n                            <i class=\"et-icon et-twitter\"><\/i>\r\n                                                            <span class=\"screen-reader-text\">Twitter<\/span>\r\n                                                    <\/a>\r\n                                            <a href=\"#\" class=\"follow-instagram\" target=\"_blank\" rel=\"nofollow\">\r\n                            <i class=\"et-icon et-instagram\"><\/i>\r\n                                                            <span class=\"screen-reader-text\">Instagram<\/span>\r\n                                                    <\/a>\r\n                                            <a href=\"#\" class=\"follow-youtube\" target=\"_blank\" rel=\"nofollow\">\r\n                            <i class=\"et-icon et-youtube\"><\/i>\r\n                                                            <span class=\"screen-reader-text\">Youtube<\/span>\r\n                                                    <\/a>\r\n                                            <a href=\"#\" class=\"follow-telegram\" target=\"_blank\" rel=\"nofollow\">\r\n                            <i class=\"et-icon et-telegram\"><\/i>\r\n                                                            <span class=\"screen-reader-text\">Telegram<\/span>\r\n                                                    <\/a>\r\n                    \r\n        <\/div>\r\n\r\n        \t\t<\/div>\n\t\t\t\t<\/div>\n\t\t\t\t\t<\/div>\n\t\t<\/div>\n\t\t\t\t<div class=\"elementor-column elementor-col-50 elementor-top-column elementor-element elementor-element-2a975cd5\" data-id=\"2a975cd5\" data-element_type=\"column\">\n\t\t\t<div class=\"elementor-widget-wrap\">\n\t\t\t\t\t\t\t\t\t<\/div>\n\t\t<\/div>\n\t\t\t\t\t\t\t<\/div>\n\t\t<\/section>\n\t\t\t\t<section class=\"elementor-section elementor-top-section elementor-element elementor-element-7cc4f2d9 elementor-section-stretched elementor-section-full_width elementor-section-content-middle elementor-reverse-tablet elementor-reverse-mobile elementor-section-height-default elementor-section-height-default\" data-id=\"7cc4f2d9\" data-element_type=\"section\" data-settings=\"{&quot;stretch_section&quot;:&quot;section-stretched&quot;,&quot;background_background&quot;:&quot;classic&quot;}\">\n\t\t\t\t\t\t\t<div class=\"elementor-background-overlay\"><\/div>\n\t\t\t\t\t\t\t<div class=\"elementor-container elementor-column-gap-no\">\n\t\t\t\t\t<div class=\"elementor-column elementor-col-50 elementor-top-column elementor-element elementor-element-2665772c\" data-id=\"2665772c\" data-element_type=\"column\">\n\t\t\t<div class=\"elementor-widget-wrap elementor-element-populated\">\n\t\t\t\t\t\t\t\t<div class=\"elementor-element elementor-element-5da7ba2c elementor-widget elementor-widget-heading\" data-id=\"5da7ba2c\" data-element_type=\"widget\" data-widget_type=\"heading.default\">\n\t\t\t\t<div class=\"elementor-widget-container\">\n\t\t\t<style>\/*! elementor - v3.9.2 - 21-12-2022 *\/\n.elementor-heading-title{padding:0;margin:0;line-height:1}.elementor-widget-heading .elementor-heading-title[class*=elementor-size-]>a{color:inherit;font-size:inherit;line-height:inherit}.elementor-widget-heading .elementor-heading-title.elementor-size-small{font-size:15px}.elementor-widget-heading .elementor-heading-title.elementor-size-medium{font-size:19px}.elementor-widget-heading .elementor-heading-title.elementor-size-large{font-size:29px}.elementor-widget-heading .elementor-heading-title.elementor-size-xl{font-size:39px}.elementor-widget-heading .elementor-heading-title.elementor-size-xxl{font-size:59px}<\/style><h2 class=\"elementor-heading-title elementor-size-default\">NOMAD<\/h2>\t\t<\/div>\n\t\t\t\t<\/div>\n\t\t\t\t<div class=\"elementor-element elementor-element-778870e2 elementor-widget elementor-widget-text-editor\" data-id=\"778870e2\" data-element_type=\"widget\" data-widget_type=\"text-editor.default\">\n\t\t\t\t<div class=\"elementor-widget-container\">\n\t\t\t\t\t\t\t<p>NOMAD es parte del holding norteamericano JDA Global (Henderson-NV. USA., ofrece sus l\u00edneas de bombas neum\u00e1ticas met\u00e1licas y no met\u00e1licas de doble diafragma.<\/p><p>Sus sistemas de Distribuci\u00f3n de Aire son<\/p><ul><li>V\u00e1lvula de Aire TRANS-FLO GOLD<sup>\u00ae<\/sup><\/li><li>V\u00e1lvula de Aire POWER-FLO<sup>\u00ae<\/sup>.<\/li><\/ul><p>Las bombas de diafragma de aire se utilizan ampliamente en una variedad de aplicaciones debido a su versatilidad.\u00a0Las bombas neum\u00e1ticas de doble diafragma cuentan con pocas piezas m\u00f3viles, sin necesidad de motor, placa base u otros perif\u00e9ricos.\u00a0El estilo de dise\u00f1o, junto con su funcionalidad de desplazamiento positivo, permite la transferencia de productos sensibles al corte con autocebado de hasta 25 pies.\u00a0Las bombas de diafragma de aire cuentan con una inversi\u00f3n inicial baja, as\u00ed como bajos costos de reemplazo de piezas de desgaste en comparaci\u00f3n con otros tipos de bombas.<\/p><p>Elija qu\u00e9 tipo de bomba de diafragma est\u00e1 buscando.<\/p>\t\t\t\t\t\t<\/div>\n\t\t\t\t<\/div>\n\t\t\t\t\t<\/div>\n\t\t<\/div>\n\t\t\t\t<div class=\"elementor-column elementor-col-50 elementor-top-column elementor-element elementor-element-35f56a66\" data-id=\"35f56a66\" data-element_type=\"column\" data-settings=\"{&quot;background_background&quot;:&quot;classic&quot;}\">\n\t\t\t<div class=\"elementor-widget-wrap elementor-element-populated\">\n\t\t\t\t\t\t\t\t<div class=\"elementor-element elementor-element-1c09902 elementor-widget elementor-widget-banner\" data-id=\"1c09902\" data-element_type=\"widget\" data-widget_type=\"banner.default\">\n\t\t\t\t<div class=\"elementor-widget-container\">\n\t\t\t\t    <div id=\"banner-4478\" class=\"banner  cursor-pointer banner-type-3 et_image-with-hover et_image-hover-3 valign-middle font-style-dark no-titles\" onclick=\"window.open('https:\/\/www.jdaglobal.com\/','_blank')\">\r\n    \t\t<img loading=\"lazy\" decoding=\"async\" width=\"1024\" height=\"768\" src=\"https:\/\/importcruz.com\/wp-content\/uploads\/2022\/11\/Metallic-Pumps-1024x768.jpg\" class=\"\" alt=\"\" srcset=\"https:\/\/importcruz.com\/wp-content\/uploads\/2022\/11\/Metallic-Pumps-1024x768.jpg 1024w, https:\/\/importcruz.com\/wp-content\/uploads\/2022\/11\/Metallic-Pumps-300x225.jpg 300w, https:\/\/importcruz.com\/wp-content\/uploads\/2022\/11\/Metallic-Pumps-768x576.jpg 768w, https:\/\/importcruz.com\/wp-content\/uploads\/2022\/11\/Metallic-Pumps-1536x1152.jpg 1536w, https:\/\/importcruz.com\/wp-content\/uploads\/2022\/11\/Metallic-Pumps-2048x1536.jpg 2048w, https:\/\/importcruz.com\/wp-content\/uploads\/2022\/11\/Metallic-Pumps-1320x990.jpg 1320w, https:\/\/importcruz.com\/wp-content\/uploads\/2022\/11\/Metallic-Pumps-600x450.jpg 600w, https:\/\/importcruz.com\/wp-content\/uploads\/2022\/11\/Metallic-Pumps-1x1.jpg 1w, https:\/\/importcruz.com\/wp-content\/uploads\/2022\/11\/Metallic-Pumps-10x8.jpg 10w\" sizes=\"(max-width: 1024px) 100vw, 1024px\" \/>\t    \t<div class=\"banner-content \">\r\n\r\n\t\t\t\t\t\t    \t<div class=\"content-inner\">\r\n\r\n\t\t    \t\t\r\n\t\t    \t<\/div>\r\n\t\t    \t\t\t\t\t\t\t<div class=\"button-wrap\">\r\n\t\t\t\t\t\t\t<div onclick=\"window.open('https:\/\/www.jdaglobal.com\/','_blank')\" class=\"banner-button btn medium inline-block  cursor-pointer\">\r\n\t\t\t\t\t\t\t\tIr al Fabricante\t\t\t\t\t\t\t<\/div>\r\n\t\t\t\t\t\t<\/div>\r\n\t\t\t\t\t    \t<\/div>\r\n\t  \t<\/div>\r\n\t\r\n\t\t\t\t<\/div>\n\t\t\t\t<\/div>\n\t\t\t\t\t<\/div>\n\t\t<\/div>\n\t\t\t\t\t\t\t<\/div>\n\t\t<\/section>\n\t\t\t\t<section class=\"elementor-section elementor-top-section elementor-element elementor-element-3b558cfa elementor-section-stretched elementor-section-full_width elementor-section-content-middle elementor-reverse-tablet elementor-reverse-mobile elementor-section-height-default elementor-section-height-default\" data-id=\"3b558cfa\" data-element_type=\"section\" data-settings=\"{&quot;stretch_section&quot;:&quot;section-stretched&quot;}\">\n\t\t\t\t\t\t<div class=\"elementor-container elementor-column-gap-no\">\n\t\t\t\t\t<div class=\"elementor-column elementor-col-50 elementor-top-column elementor-element elementor-element-cc6983e\" data-id=\"cc6983e\" data-element_type=\"column\">\n\t\t\t<div class=\"elementor-widget-wrap elementor-element-populated\">\n\t\t\t\t\t\t\t\t<div class=\"elementor-element elementor-element-4931f8cd elementor-widget elementor-widget-heading\" data-id=\"4931f8cd\" data-element_type=\"widget\" data-widget_type=\"heading.default\">\n\t\t\t\t<div class=\"elementor-widget-container\">\n\t\t\t<h2 class=\"elementor-heading-title elementor-size-default\">GENERALIDADES DE LAS BOMBAS NOMAD:<\/h2>\t\t<\/div>\n\t\t\t\t<\/div>\n\t\t\t\t<div class=\"elementor-element elementor-element-3f4c5375 elementor-widget elementor-widget-text-editor\" data-id=\"3f4c5375\" data-element_type=\"widget\" data-widget_type=\"text-editor.default\">\n\t\t\t\t<div class=\"elementor-widget-container\">\n\t\t\t\t\t\t\t<p>Las Bombas Neum\u00e1ticas de Diafragmas NOMAD son operadas con aire comprimido y son las bombas m\u00e1s comunes en aplicaciones industriales por su bajo precio y seguridad en aplicaciones de fluidos potencialmente explosivos. \u00a0<\/p><p>El dise\u00f1o de las bombas de doble diafragma ha demostrado ser de alta eficacia para una amplia gama de dif\u00edciles trabajos de bombeo basado en las siguientes caracter\u00edsticas:<\/p><ol><li>Pueden auto-cebarse y funcionan en seco sin sufrir da\u00f1os.<\/li><li>Permiten pasar s\u00f3lidos peque\u00f1os.<\/li><li>Eficiencia de bombeo permanente y constante<\/li><li>Rango variable de fluido con s\u00f3lo ajustar el suministro de aire.<\/li><li>Forman poca espuma y no desperdician material.<\/li><li>Son livianas, port\u00e1tiles y utilitarias.<\/li><\/ol>\t\t\t\t\t\t<\/div>\n\t\t\t\t<\/div>\n\t\t\t\t\t<\/div>\n\t\t<\/div>\n\t\t\t\t<div class=\"elementor-column elementor-col-50 elementor-top-column elementor-element elementor-element-79919943\" data-id=\"79919943\" data-element_type=\"column\" data-settings=\"{&quot;background_background&quot;:&quot;classic&quot;}\">\n\t\t\t<div class=\"elementor-widget-wrap elementor-element-populated\">\n\t\t\t\t\t\t\t\t<div class=\"elementor-element elementor-element-24294850 elementor-widget elementor-widget-banner\" data-id=\"24294850\" data-element_type=\"widget\" data-settings=\"{&quot;_animation&quot;:&quot;none&quot;}\" data-widget_type=\"banner.default\">\n\t\t\t\t<div class=\"elementor-widget-container\">\n\t\t\t\t    <div id=\"banner-4375\" class=\"banner  banner-type-3 et_image-with-hover et_image-hover-3 valign-middle font-style-dark no-titles\" >\r\n    \t\t<img loading=\"lazy\" decoding=\"async\" width=\"1389\" height=\"1155\" src=\"https:\/\/importcruz.com\/wp-content\/uploads\/2022\/11\/Recurso-1-2.png\" class=\"\" alt=\"\" srcset=\"https:\/\/importcruz.com\/wp-content\/uploads\/2022\/11\/Recurso-1-2.png 1389w, https:\/\/importcruz.com\/wp-content\/uploads\/2022\/11\/Recurso-1-2-300x249.png 300w, https:\/\/importcruz.com\/wp-content\/uploads\/2022\/11\/Recurso-1-2-1024x851.png 1024w, https:\/\/importcruz.com\/wp-content\/uploads\/2022\/11\/Recurso-1-2-768x639.png 768w, https:\/\/importcruz.com\/wp-content\/uploads\/2022\/11\/Recurso-1-2-1320x1098.png 1320w, https:\/\/importcruz.com\/wp-content\/uploads\/2022\/11\/Recurso-1-2-600x499.png 600w, https:\/\/importcruz.com\/wp-content\/uploads\/2022\/11\/Recurso-1-2-1x1.png 1w, https:\/\/importcruz.com\/wp-content\/uploads\/2022\/11\/Recurso-1-2-10x8.png 10w\" sizes=\"(max-width: 1389px) 100vw, 1389px\" \/>\t    \t<div class=\"banner-content \">\r\n\r\n\t\t\t\t\t\t    \t<div class=\"content-inner\">\r\n\r\n\t\t    \t\t\r\n\t\t    \t<\/div>\r\n\t\t    \t\t    \t<\/div>\r\n\t  \t<\/div>\r\n\t\r\n\t\t\t\t<\/div>\n\t\t\t\t<\/div>\n\t\t\t\t\t<\/div>\n\t\t<\/div>\n\t\t\t\t\t\t\t<\/div>\n\t\t<\/section>\n\t\t\t\t<section class=\"elementor-section elementor-top-section elementor-element elementor-element-3fc63f96 elementor-section-stretched elementor-section-full_width elementor-section-content-middle elementor-section-height-default elementor-section-height-default\" data-id=\"3fc63f96\" data-element_type=\"section\" data-settings=\"{&quot;stretch_section&quot;:&quot;section-stretched&quot;}\">\n\t\t\t\t\t\t<div class=\"elementor-container elementor-column-gap-no\">\n\t\t\t\t\t<div class=\"elementor-column elementor-col-50 elementor-top-column elementor-element elementor-element-715a6bd4\" data-id=\"715a6bd4\" data-element_type=\"column\" data-settings=\"{&quot;background_background&quot;:&quot;classic&quot;}\">\n\t\t\t<div class=\"elementor-widget-wrap elementor-element-populated\">\n\t\t\t\t\t\t\t\t<div class=\"elementor-element elementor-element-68ee483f elementor-widget elementor-widget-banner\" data-id=\"68ee483f\" data-element_type=\"widget\" data-widget_type=\"banner.default\">\n\t\t\t\t<div class=\"elementor-widget-container\">\n\t\t\t\t    <div id=\"banner-5139\" class=\"banner  banner-type-3 et_image-with-hover et_image-hover-3 valign-middle font-style-dark no-titles\" >\r\n    \t\t<img loading=\"lazy\" decoding=\"async\" width=\"600\" height=\"665\" src=\"https:\/\/importcruz.com\/wp-content\/uploads\/2022\/11\/pump-closeup-01-mobile-full.png\" class=\"\" alt=\"\" srcset=\"https:\/\/importcruz.com\/wp-content\/uploads\/2022\/11\/pump-closeup-01-mobile-full.png 600w, https:\/\/importcruz.com\/wp-content\/uploads\/2022\/11\/pump-closeup-01-mobile-full-271x300.png 271w, https:\/\/importcruz.com\/wp-content\/uploads\/2022\/11\/pump-closeup-01-mobile-full-1x1.png 1w, https:\/\/importcruz.com\/wp-content\/uploads\/2022\/11\/pump-closeup-01-mobile-full-10x10.png 10w\" sizes=\"(max-width: 600px) 100vw, 600px\" \/>\t    \t<div class=\"banner-content \">\r\n\r\n\t\t\t\t\t\t    \t<div class=\"content-inner\">\r\n\r\n\t\t    \t\t\r\n\t\t    \t<\/div>\r\n\t\t    \t\t    \t<\/div>\r\n\t  \t<\/div>\r\n\t\r\n\t\t\t\t<\/div>\n\t\t\t\t<\/div>\n\t\t\t\t\t<\/div>\n\t\t<\/div>\n\t\t\t\t<div class=\"elementor-column elementor-col-50 elementor-top-column elementor-element elementor-element-149a6c5c\" data-id=\"149a6c5c\" data-element_type=\"column\">\n\t\t\t<div class=\"elementor-widget-wrap elementor-element-populated\">\n\t\t\t\t\t\t\t\t<div class=\"elementor-element elementor-element-62ab257d elementor-widget elementor-widget-heading\" data-id=\"62ab257d\" data-element_type=\"widget\" data-widget_type=\"heading.default\">\n\t\t\t\t<div class=\"elementor-widget-container\">\n\t\t\t<h2 class=\"elementor-heading-title elementor-size-default\">APLICACIONES<\/h2>\t\t<\/div>\n\t\t\t\t<\/div>\n\t\t\t\t<div class=\"elementor-element elementor-element-38ce8444 elementor-widget elementor-widget-text-editor\" data-id=\"38ce8444\" data-element_type=\"widget\" data-widget_type=\"text-editor.default\">\n\t\t\t\t<div class=\"elementor-widget-container\">\n\t\t\t\t\t\t\t<p>Las bombas Nomad son vendidas en los 5 Continentes, son adecuadas para una amplia gama de aplicaciones, desde miner\u00eda y construcci\u00f3n, transferencia de petr\u00f3leo, cer\u00e1mica, resinas\/ adhesivos, soluciones de limpieza, lodos, aguas residuales, productos qu\u00edmicos, productos farmac\u00e9uticos y fluidos de mayor viscosidad, hasta aplicaciones sanitarias como alimentos y bebidas. Podemos detallarlas en los siguientes grupos:<\/p><ul><li><strong>Miner\u00eda<\/strong><\/li><li><strong>Cer\u00e1mica<\/strong><\/li><li><strong>Petr\u00f3leo y gas<\/strong><\/li><li><strong>Construcci\u00f3n<\/strong><\/li><li><strong>Pinturas<\/strong><\/li><li><strong>Pulpa y papel<\/strong><\/li><li><strong>Industria de Automotores<\/strong><\/li><li><strong>Industria Naval \/ Marina<\/strong><\/li><li><strong>Productos qu\u00edmicos<\/strong><\/li><li><strong>Cuidado personal \/ farmac\u00e9utica<\/strong><\/li><li><strong>Procesamiento de alimentos<\/strong><\/li><li><strong>Aguas residuales<\/strong><\/li><\/ul>\t\t\t\t\t\t<\/div>\n\t\t\t\t<\/div>\n\t\t\t\t<div class=\"elementor-element elementor-element-df19a77 elementor-align-center elementor-widget elementor-widget-button\" data-id=\"df19a77\" data-element_type=\"widget\" data-widget_type=\"button.default\">\n\t\t\t\t<div class=\"elementor-widget-container\">\n\t\t\t\t\t<div class=\"elementor-button-wrapper\">\n\t\t\t<a href=\"https:\/\/importcruz.com\/index.php\/product-category\/nomad\/\" class=\"elementor-button-link elementor-button elementor-size-sm\" role=\"button\">\n\t\t\t\t\t\t<span class=\"elementor-button-content-wrapper\">\n\t\t\t\t\t\t<span class=\"elementor-button-text\">Ver Mas<\/span>\n\t\t<\/span>\n\t\t\t\t\t<\/a>\n\t\t<\/div>\n\t\t\t\t<\/div>\n\t\t\t\t<\/div>\n\t\t\t\t\t<\/div>\n\t\t<\/div>\n\t\t\t\t\t\t\t<\/div>\n\t\t<\/section>\n\t\t\t\t\t\t\t<\/div>\n\t\t","protected":false},"excerpt":{"rendered":"<p>30 South Avenue San Francisco Phone: +1 408 996 1010 Email: Support@xstore.com Facebook Twitter Instagram Youtube Telegram NOMAD NOMAD es parte del holding norteamericano JDA&#8230;<\/p>\n","protected":false},"author":1,"featured_media":0,"parent":0,"menu_order":0,"comment_status":"closed","ping_status":"closed","template":"","meta":{"_joinchat":[],"footnotes":""},"class_list":["post-5238","page","type-page","status-publish","hentry"],"_links":{"self":[{"href":"https:\/\/importcruz.com\/index.php\/wp-json\/wp\/v2\/pages\/5238"}],"collection":[{"href":"https:\/\/importcruz.com\/index.php\/wp-json\/wp\/v2\/pages"}],"about":[{"href":"https:\/\/importcruz.com\/index.php\/wp-json\/wp\/v2\/types\/page"}],"author":[{"embeddable":true,"href":"https:\/\/importcruz.com\/index.php\/wp-json\/wp\/v2\/users\/1"}],"replies":[{"embeddable":true,"href":"https:\/\/importcruz.com\/index.php\/wp-json\/wp\/v2\/comments?post=5238"}],"version-history":[{"count":32,"href":"https:\/\/importcruz.com\/index.php\/wp-json\/wp\/v2\/pages\/5238\/revisions"}],"predecessor-version":[{"id":5699,"href":"https:\/\/importcruz.com\/index.php\/wp-json\/wp\/v2\/pages\/5238\/revisions\/5699"}],"wp:attachment":[{"href":"https:\/\/importcruz.com\/index.php\/wp-json\/wp\/v2\/media?parent=5238"}],"curies":[{"name":"wp","href":"https:\/\/api.w.org\/{rel}","templated":true}]}}