{"id":5232,"date":"2022-09-16T10:44:59","date_gmt":"2022-09-16T15:44:59","guid":{"rendered":"https:\/\/importcruz.com\/?page_id=5232"},"modified":"2022-11-11T11:37:52","modified_gmt":"2022-11-11T16:37:52","slug":"sandpiper","status":"publish","type":"page","link":"https:\/\/importcruz.com\/index.php\/sandpiper\/","title":{"rendered":"SANDPIPER"},"content":{"rendered":"\t\t<div data-elementor-type=\"wp-page\" data-elementor-id=\"5232\" class=\"elementor elementor-5232\">\n\t\t\t\t\t\t\t\t\t<section class=\"elementor-section elementor-top-section elementor-element elementor-element-58436856 elementor-section-boxed elementor-section-height-default elementor-section-height-default\" data-id=\"58436856\" data-element_type=\"section\">\n\t\t\t\t\t\t<div class=\"elementor-container elementor-column-gap-default\">\n\t\t\t\t\t<div class=\"elementor-column elementor-col-50 elementor-top-column elementor-element elementor-element-69ad7f65\" data-id=\"69ad7f65\" data-element_type=\"column\" data-settings=\"{&quot;background_background&quot;:&quot;classic&quot;}\">\n\t\t\t<div class=\"elementor-widget-wrap elementor-element-populated\">\n\t\t\t\t\t\t\t\t<div class=\"elementor-element elementor-element-7c4ccf8f elementor-widget elementor-widget-text-editor\" data-id=\"7c4ccf8f\" data-element_type=\"widget\" data-widget_type=\"text-editor.default\">\n\t\t\t\t<div class=\"elementor-widget-container\">\n\t\t\t<style>\/*! elementor - v3.9.2 - 21-12-2022 *\/\n.elementor-widget-text-editor.elementor-drop-cap-view-stacked .elementor-drop-cap{background-color:#818a91;color:#fff}.elementor-widget-text-editor.elementor-drop-cap-view-framed .elementor-drop-cap{color:#818a91;border:3px solid;background-color:transparent}.elementor-widget-text-editor:not(.elementor-drop-cap-view-default) .elementor-drop-cap{margin-top:8px}.elementor-widget-text-editor:not(.elementor-drop-cap-view-default) .elementor-drop-cap-letter{width:1em;height:1em}.elementor-widget-text-editor .elementor-drop-cap{float:left;text-align:center;line-height:1;font-size:50px}.elementor-widget-text-editor .elementor-drop-cap-letter{display:inline-block}<\/style>\t\t\t\t30 South Avenue San Francisco<br>\nPhone: +1 408 996 1010<br>\nEmail: Support@xstore.com<br>\t\t\t\t\t\t<\/div>\n\t\t\t\t<\/div>\n\t\t\t\t<div class=\"elementor-element elementor-element-3350a2d elementor-widget elementor-widget-etheme-follow\" data-id=\"3350a2d\" data-element_type=\"widget\" data-widget_type=\"etheme-follow.default\">\n\t\t\t\t<div class=\"elementor-widget-container\">\n\t\t\t\r\n        <div class=\"et-follow-buttons buttons-size-normal justify-content- follow-711\">\r\n\r\n                                    <a href=\"#\" class=\"follow-facebook\" target=\"_blank\" rel=\"nofollow\">\r\n                            <i class=\"et-icon et-facebook\"><\/i>\r\n                                                            <span class=\"screen-reader-text\">Facebook<\/span>\r\n                                                    <\/a>\r\n                                            <a href=\"#\" class=\"follow-twitter\" target=\"_blank\" rel=\"nofollow\">\r\n                            <i class=\"et-icon et-twitter\"><\/i>\r\n                                                            <span class=\"screen-reader-text\">Twitter<\/span>\r\n                                                    <\/a>\r\n                                            <a href=\"#\" class=\"follow-instagram\" target=\"_blank\" rel=\"nofollow\">\r\n                            <i class=\"et-icon et-instagram\"><\/i>\r\n                                                            <span class=\"screen-reader-text\">Instagram<\/span>\r\n                                                    <\/a>\r\n                                            <a href=\"#\" class=\"follow-youtube\" target=\"_blank\" rel=\"nofollow\">\r\n                            <i class=\"et-icon et-youtube\"><\/i>\r\n                                                            <span class=\"screen-reader-text\">Youtube<\/span>\r\n                                                    <\/a>\r\n                                            <a href=\"#\" class=\"follow-telegram\" target=\"_blank\" rel=\"nofollow\">\r\n                            <i class=\"et-icon et-telegram\"><\/i>\r\n                                                            <span class=\"screen-reader-text\">Telegram<\/span>\r\n                                                    <\/a>\r\n                    \r\n        <\/div>\r\n\r\n        \t\t<\/div>\n\t\t\t\t<\/div>\n\t\t\t\t\t<\/div>\n\t\t<\/div>\n\t\t\t\t<div class=\"elementor-column elementor-col-50 elementor-top-column elementor-element elementor-element-2f6e8c88\" data-id=\"2f6e8c88\" data-element_type=\"column\">\n\t\t\t<div class=\"elementor-widget-wrap\">\n\t\t\t\t\t\t\t\t\t<\/div>\n\t\t<\/div>\n\t\t\t\t\t\t\t<\/div>\n\t\t<\/section>\n\t\t\t\t<section class=\"elementor-section elementor-top-section elementor-element elementor-element-58e29db4 elementor-section-stretched elementor-section-full_width elementor-section-content-middle elementor-reverse-tablet elementor-reverse-mobile elementor-section-height-default elementor-section-height-default\" data-id=\"58e29db4\" data-element_type=\"section\" data-settings=\"{&quot;stretch_section&quot;:&quot;section-stretched&quot;,&quot;background_background&quot;:&quot;classic&quot;}\">\n\t\t\t\t\t\t\t<div class=\"elementor-background-overlay\"><\/div>\n\t\t\t\t\t\t\t<div class=\"elementor-container elementor-column-gap-no\">\n\t\t\t\t\t<div class=\"elementor-column elementor-col-33 elementor-top-column elementor-element elementor-element-59608cd2\" data-id=\"59608cd2\" data-element_type=\"column\">\n\t\t\t<div class=\"elementor-widget-wrap elementor-element-populated\">\n\t\t\t\t\t\t\t\t<div class=\"elementor-element elementor-element-350f08b elementor-widget elementor-widget-heading\" data-id=\"350f08b\" data-element_type=\"widget\" data-widget_type=\"heading.default\">\n\t\t\t\t<div class=\"elementor-widget-container\">\n\t\t\t<style>\/*! elementor - v3.9.2 - 21-12-2022 *\/\n.elementor-heading-title{padding:0;margin:0;line-height:1}.elementor-widget-heading .elementor-heading-title[class*=elementor-size-]>a{color:inherit;font-size:inherit;line-height:inherit}.elementor-widget-heading .elementor-heading-title.elementor-size-small{font-size:15px}.elementor-widget-heading .elementor-heading-title.elementor-size-medium{font-size:19px}.elementor-widget-heading .elementor-heading-title.elementor-size-large{font-size:29px}.elementor-widget-heading .elementor-heading-title.elementor-size-xl{font-size:39px}.elementor-widget-heading .elementor-heading-title.elementor-size-xxl{font-size:59px}<\/style><h2 class=\"elementor-heading-title elementor-size-default\">SANDPIPER<\/h2>\t\t<\/div>\n\t\t\t\t<\/div>\n\t\t\t\t<div class=\"elementor-element elementor-element-5ab6888 elementor-widget elementor-widget-text-editor\" data-id=\"5ab6888\" data-element_type=\"widget\" data-widget_type=\"text-editor.default\">\n\t\t\t\t<div class=\"elementor-widget-container\">\n\t\t\t\t\t\t\t<p><span>Durante d\u00e9cadas, SANDPIPER ha sido su fabricante de bombas neum\u00e1ticas de doble diafragma (AODD) de referencia para una gama de soluciones para resolver las necesidades espec\u00edficas de las aplicaciones del mercado.\u00a0Nos enorgullece brindarle apoyo con sus necesidades b\u00e1sicas de bombeo de AODD, as\u00ed como tambi\u00e9n trabajar en estrecha colaboraci\u00f3n con usted para resolver sus problemas de bombeo m\u00e1s desafiantes.<\/span><\/p><p><span><span class=\"\">Conf\u00ede en nuestra experiencia e innovaci\u00f3n en ingenier\u00eda de clase mundial para brindarle una durabilidad y un rendimiento l\u00edderes en la industria.\u00a0<\/span><span class=\"goog-text-highlight\">Ofrecemos la gama de productos m\u00e1s vers\u00e1til para satisfacer las necesidades de una amplia variedad de aplicaciones del mercado.<\/span><\/span><\/p>\t\t\t\t\t\t<\/div>\n\t\t\t\t<\/div>\n\t\t\t\t\t<\/div>\n\t\t<\/div>\n\t\t\t\t<div class=\"elementor-column elementor-col-66 elementor-top-column elementor-element elementor-element-38900c90\" data-id=\"38900c90\" data-element_type=\"column\" data-settings=\"{&quot;background_background&quot;:&quot;classic&quot;}\">\n\t\t\t<div class=\"elementor-widget-wrap elementor-element-populated\">\n\t\t\t\t\t\t\t\t<div class=\"elementor-element elementor-element-6d91936b elementor-widget elementor-widget-banner\" data-id=\"6d91936b\" data-element_type=\"widget\" data-widget_type=\"banner.default\">\n\t\t\t\t<div class=\"elementor-widget-container\">\n\t\t\t\t    <div id=\"banner-2385\" class=\"banner  cursor-pointer banner-type-3 et_image-with-hover et_image-hover-3 valign-middle font-style-dark no-titles\" onclick=\"window.open('https:\/\/www.sandpiperpump.com\/','_blank')\">\r\n    \t\t<img loading=\"lazy\" decoding=\"async\" width=\"880\" height=\"560\" src=\"https:\/\/importcruz.com\/wp-content\/uploads\/2022\/11\/INDUSTRIAL_PUMP_SOLUTIONS_FOR_FOOD_AND_BEVERAGE_PHARMACEUTICALS_CERAMICS_SEWAGE_MINING_AND_AGRICULTURE-1584907-1.png\" class=\"\" alt=\"\" srcset=\"https:\/\/importcruz.com\/wp-content\/uploads\/2022\/11\/INDUSTRIAL_PUMP_SOLUTIONS_FOR_FOOD_AND_BEVERAGE_PHARMACEUTICALS_CERAMICS_SEWAGE_MINING_AND_AGRICULTURE-1584907-1.png 880w, https:\/\/importcruz.com\/wp-content\/uploads\/2022\/11\/INDUSTRIAL_PUMP_SOLUTIONS_FOR_FOOD_AND_BEVERAGE_PHARMACEUTICALS_CERAMICS_SEWAGE_MINING_AND_AGRICULTURE-1584907-1-300x191.png 300w, https:\/\/importcruz.com\/wp-content\/uploads\/2022\/11\/INDUSTRIAL_PUMP_SOLUTIONS_FOR_FOOD_AND_BEVERAGE_PHARMACEUTICALS_CERAMICS_SEWAGE_MINING_AND_AGRICULTURE-1584907-1-768x489.png 768w, https:\/\/importcruz.com\/wp-content\/uploads\/2022\/11\/INDUSTRIAL_PUMP_SOLUTIONS_FOR_FOOD_AND_BEVERAGE_PHARMACEUTICALS_CERAMICS_SEWAGE_MINING_AND_AGRICULTURE-1584907-1-600x382.png 600w, https:\/\/importcruz.com\/wp-content\/uploads\/2022\/11\/INDUSTRIAL_PUMP_SOLUTIONS_FOR_FOOD_AND_BEVERAGE_PHARMACEUTICALS_CERAMICS_SEWAGE_MINING_AND_AGRICULTURE-1584907-1-1x1.png 1w, https:\/\/importcruz.com\/wp-content\/uploads\/2022\/11\/INDUSTRIAL_PUMP_SOLUTIONS_FOR_FOOD_AND_BEVERAGE_PHARMACEUTICALS_CERAMICS_SEWAGE_MINING_AND_AGRICULTURE-1584907-1-10x6.png 10w\" sizes=\"(max-width: 880px) 100vw, 880px\" \/>\t    \t<div class=\"banner-content \">\r\n\r\n\t\t\t\t\t\t    \t<div class=\"content-inner\">\r\n\r\n\t\t    \t\t\r\n\t\t    \t<\/div>\r\n\t\t    \t\t\t\t\t\t\t<div class=\"button-wrap\">\r\n\t\t\t\t\t\t\t<div onclick=\"window.open('https:\/\/www.sandpiperpump.com\/','_blank')\" class=\"banner-button btn medium inline-block  cursor-pointer\">\r\n\t\t\t\t\t\t\t\tIr al Fabricante\t\t\t\t\t\t\t<\/div>\r\n\t\t\t\t\t\t<\/div>\r\n\t\t\t\t\t    \t<\/div>\r\n\t  \t<\/div>\r\n\t\r\n\t\t\t\t<\/div>\n\t\t\t\t<\/div>\n\t\t\t\t\t<\/div>\n\t\t<\/div>\n\t\t\t\t\t\t\t<\/div>\n\t\t<\/section>\n\t\t\t\t<section class=\"elementor-section elementor-top-section elementor-element elementor-element-229cdc21 elementor-section-stretched elementor-section-full_width elementor-section-content-middle elementor-reverse-tablet elementor-reverse-mobile elementor-section-height-default elementor-section-height-default\" data-id=\"229cdc21\" data-element_type=\"section\" data-settings=\"{&quot;stretch_section&quot;:&quot;section-stretched&quot;}\">\n\t\t\t\t\t\t<div class=\"elementor-container elementor-column-gap-no\">\n\t\t\t\t\t<div class=\"elementor-column elementor-col-50 elementor-top-column elementor-element elementor-element-4cb29db9\" data-id=\"4cb29db9\" data-element_type=\"column\">\n\t\t\t<div class=\"elementor-widget-wrap elementor-element-populated\">\n\t\t\t\t\t\t\t\t<div class=\"elementor-element elementor-element-37cf6325 elementor-widget elementor-widget-heading\" data-id=\"37cf6325\" data-element_type=\"widget\" data-widget_type=\"heading.default\">\n\t\t\t\t<div class=\"elementor-widget-container\">\n\t\t\t<h2 class=\"elementor-heading-title elementor-size-default\">Generalidades de las bombas SANDPIPER: <\/h2>\t\t<\/div>\n\t\t\t\t<\/div>\n\t\t\t\t<div class=\"elementor-element elementor-element-24c11d10 elementor-widget elementor-widget-text-editor\" data-id=\"24c11d10\" data-element_type=\"widget\" data-widget_type=\"text-editor.default\">\n\t\t\t\t<div class=\"elementor-widget-container\">\n\t\t\t\t\t\t\t<p>Las Bombas Sandpiper se encuentran disponibles en varias medidas que van desde \u00bc de pulgada hasta 4 pulgadas (di\u00e1metro de succi\u00f3n y descarga de la bomba). Existe una amplia variedad de opciones de construcci\u00f3n a fin de cumplir con la aplicaci\u00f3n que usted necesite. La bomba Sandpiper soporta presiones de 125 PSI (8.6 Bares) y para aplicaciones de alta presi\u00f3n a 250 psi (17 bares); y temperatura m\u00e1xima \u00a0del producto de 177\u00b0C (350\u00b0F).<\/p><p>LAS BOMBAS NEUM\u00c1TICAS DE DOBLE DIAFRAGMA (AODD) son bombas volum\u00e9tricas, de desplazamiento semi-positivo y son reciprocantes. Se accionan con un COMPRESOR; y tambi\u00e9n puede ser con gas natural o GLP en la Serie Sandpiper \u201cG\u201d Gas con similar precio.<\/p><p>El aire comprimido extiende la vida de los diafragmas, bolas check y o-rings; esta es una ventaja sobre otro tipo de bombas el\u00e9ctricas que funcionan con aire y por esa raz\u00f3n -los diafragmas- tienen una vida \u00fatil m\u00e1s larga en comparaci\u00f3n con las bombas de funcionamiento mec\u00e1nico, pues la presi\u00f3n de <strong>aire act\u00faa<\/strong> sobre <strong>toda la superficie<\/strong> de los dos <strong>diafragmas<\/strong>.<\/p><p>Algunos ejemplos de los materiales de construcci\u00f3n para las c\u00e1maras y conductos (h\u00famedos) de fluidos son los siguientes: Aluminio, Hierro fundido, Acero inoxidable, Polipropileno, PVDF (Polifluoruro de vinilideno), Acetal, Santopreno y PTFE (Tefl\u00f3n).<\/p>\t\t\t\t\t\t<\/div>\n\t\t\t\t<\/div>\n\t\t\t\t\t<\/div>\n\t\t<\/div>\n\t\t\t\t<div class=\"elementor-column elementor-col-50 elementor-top-column elementor-element elementor-element-e67358c\" data-id=\"e67358c\" data-element_type=\"column\" data-settings=\"{&quot;background_background&quot;:&quot;classic&quot;}\">\n\t\t\t<div class=\"elementor-widget-wrap elementor-element-populated\">\n\t\t\t\t\t\t\t\t<div class=\"elementor-element elementor-element-d92c857 elementor-widget elementor-widget-banner\" data-id=\"d92c857\" data-element_type=\"widget\" data-settings=\"{&quot;_animation&quot;:&quot;none&quot;}\" data-widget_type=\"banner.default\">\n\t\t\t\t<div class=\"elementor-widget-container\">\n\t\t\t\t    <div id=\"banner-7765\" class=\"banner  banner-type-3 et_image-with-hover et_image-hover-3 valign-middle font-style-dark no-titles\" >\r\n    \t\t<img loading=\"lazy\" decoding=\"async\" width=\"688\" height=\"531\" src=\"https:\/\/importcruz.com\/wp-content\/uploads\/2022\/11\/Caracteristicas-de-B.Sandpiper-Latam.png\" class=\"\" alt=\"\" srcset=\"https:\/\/importcruz.com\/wp-content\/uploads\/2022\/11\/Caracteristicas-de-B.Sandpiper-Latam.png 688w, https:\/\/importcruz.com\/wp-content\/uploads\/2022\/11\/Caracteristicas-de-B.Sandpiper-Latam-300x232.png 300w, https:\/\/importcruz.com\/wp-content\/uploads\/2022\/11\/Caracteristicas-de-B.Sandpiper-Latam-600x463.png 600w, https:\/\/importcruz.com\/wp-content\/uploads\/2022\/11\/Caracteristicas-de-B.Sandpiper-Latam-1x1.png 1w, https:\/\/importcruz.com\/wp-content\/uploads\/2022\/11\/Caracteristicas-de-B.Sandpiper-Latam-10x8.png 10w\" sizes=\"(max-width: 688px) 100vw, 688px\" \/>\t    \t<div class=\"banner-content \">\r\n\r\n\t\t\t\t\t\t    \t<div class=\"content-inner\">\r\n\r\n\t\t    \t\t\r\n\t\t    \t<\/div>\r\n\t\t    \t\t    \t<\/div>\r\n\t  \t<\/div>\r\n\t\r\n\t\t\t\t<\/div>\n\t\t\t\t<\/div>\n\t\t\t\t\t<\/div>\n\t\t<\/div>\n\t\t\t\t\t\t\t<\/div>\n\t\t<\/section>\n\t\t\t\t<section class=\"elementor-section elementor-top-section elementor-element elementor-element-45859f38 elementor-section-stretched elementor-section-full_width elementor-section-content-middle elementor-section-height-default elementor-section-height-default\" data-id=\"45859f38\" data-element_type=\"section\" data-settings=\"{&quot;stretch_section&quot;:&quot;section-stretched&quot;}\">\n\t\t\t\t\t\t<div class=\"elementor-container elementor-column-gap-no\">\n\t\t\t\t\t<div class=\"elementor-column elementor-col-50 elementor-top-column elementor-element elementor-element-143f58cd\" data-id=\"143f58cd\" data-element_type=\"column\" data-settings=\"{&quot;background_background&quot;:&quot;classic&quot;}\">\n\t\t\t<div class=\"elementor-widget-wrap elementor-element-populated\">\n\t\t\t\t\t\t\t\t<div class=\"elementor-element elementor-element-6430e0d4 elementor-widget elementor-widget-banner\" data-id=\"6430e0d4\" data-element_type=\"widget\" data-widget_type=\"banner.default\">\n\t\t\t\t<div class=\"elementor-widget-container\">\n\t\t\t\t    <div id=\"banner-1432\" class=\"banner  banner-type-3 et_image-with-hover et_image-hover-3 valign-middle font-style-dark no-titles\" >\r\n    \t\t<img loading=\"lazy\" decoding=\"async\" width=\"596\" height=\"1024\" src=\"https:\/\/importcruz.com\/wp-content\/uploads\/2022\/11\/Valvulas-Sandpiper-con-texto-596x1024.png\" class=\"\" alt=\"\" srcset=\"https:\/\/importcruz.com\/wp-content\/uploads\/2022\/11\/Valvulas-Sandpiper-con-texto-596x1024.png 596w, https:\/\/importcruz.com\/wp-content\/uploads\/2022\/11\/Valvulas-Sandpiper-con-texto-175x300.png 175w, https:\/\/importcruz.com\/wp-content\/uploads\/2022\/11\/Valvulas-Sandpiper-con-texto-768x1319.png 768w, https:\/\/importcruz.com\/wp-content\/uploads\/2022\/11\/Valvulas-Sandpiper-con-texto-894x1536.png 894w, https:\/\/importcruz.com\/wp-content\/uploads\/2022\/11\/Valvulas-Sandpiper-con-texto-1193x2048.png 1193w, https:\/\/importcruz.com\/wp-content\/uploads\/2022\/11\/Valvulas-Sandpiper-con-texto-1320x2267.png 1320w, https:\/\/importcruz.com\/wp-content\/uploads\/2022\/11\/Valvulas-Sandpiper-con-texto-600x1030.png 600w, https:\/\/importcruz.com\/wp-content\/uploads\/2022\/11\/Valvulas-Sandpiper-con-texto-1x1.png 1w, https:\/\/importcruz.com\/wp-content\/uploads\/2022\/11\/Valvulas-Sandpiper-con-texto-6x10.png 6w\" sizes=\"(max-width: 596px) 100vw, 596px\" \/>\t    \t<div class=\"banner-content \">\r\n\r\n\t\t\t\t\t\t    \t<div class=\"content-inner\">\r\n\r\n\t\t    \t\t\r\n\t\t    \t<\/div>\r\n\t\t    \t\t    \t<\/div>\r\n\t  \t<\/div>\r\n\t\r\n\t\t\t\t<\/div>\n\t\t\t\t<\/div>\n\t\t\t\t\t<\/div>\n\t\t<\/div>\n\t\t\t\t<div class=\"elementor-column elementor-col-50 elementor-top-column elementor-element elementor-element-d8b3bdf\" data-id=\"d8b3bdf\" data-element_type=\"column\">\n\t\t\t<div class=\"elementor-widget-wrap elementor-element-populated\">\n\t\t\t\t\t\t\t\t<div class=\"elementor-element elementor-element-6255dbf8 elementor-widget elementor-widget-heading\" data-id=\"6255dbf8\" data-element_type=\"widget\" data-widget_type=\"heading.default\">\n\t\t\t\t<div class=\"elementor-widget-container\">\n\t\t\t<h2 class=\"elementor-heading-title elementor-size-default\">Raz\u00f3n Por La Que Debemos Escoger Las \nBombas Neum\u00e1ticas De Diafragmas\n<\/h2>\t\t<\/div>\n\t\t\t\t<\/div>\n\t\t\t\t<div class=\"elementor-element elementor-element-11519f4f elementor-widget elementor-widget-text-editor\" data-id=\"11519f4f\" data-element_type=\"widget\" data-widget_type=\"text-editor.default\">\n\t\t\t\t<div class=\"elementor-widget-container\">\n\t\t\t\t\t\t\t<p>Solo la <strong>F<\/strong><strong>UERZA<\/strong><strong> N<\/strong><strong>EUM\u00c1TICA<\/strong> empuja un fluido de manera \u00a0\u00a0\u00a0\u00a0repetida y uniforme sobre <strong>toda la superficie de los diafragmas<\/strong>.\u00a0 Sin duda es esta propiedad elemental una ventaja econ\u00f3mica al ser la bomba de diafragma la de menor costo de mantenimiento en comparaci\u00f3n con otras tecnolog\u00edas de bombas.\u00a0\u00a0<\/p><p>Con una provisi\u00f3n de aire comprimido delimitada, la presi\u00f3n m\u00e1xima de la bomba estar\u00e1 limitada de <strong>manera segura<\/strong>, por lo tanto, las bombas de diafragmas se seleccionan para trabajar como bombas de demanda intermitente en instalaciones automatizadas.<\/p><p>Adem\u00e1s de que la bomba de marca <strong>Sandpiper<\/strong> se opera con el <strong>aire<\/strong> comprimido de un compresor,estas mismas unidades tambi\u00e9n pueden operarse con <strong>gas<\/strong> natural en su modelo <strong>dual-power<\/strong>.<\/p>\t\t\t\t\t\t<\/div>\n\t\t\t\t<\/div>\n\t\t\t\t\t<\/div>\n\t\t<\/div>\n\t\t\t\t\t\t\t<\/div>\n\t\t<\/section>\n\t\t\t\t<section class=\"elementor-section elementor-top-section elementor-element elementor-element-03eb54a elementor-section-stretched elementor-section-full_width elementor-section-content-middle elementor-section-height-default elementor-section-height-default\" data-id=\"03eb54a\" data-element_type=\"section\" data-settings=\"{&quot;stretch_section&quot;:&quot;section-stretched&quot;}\">\n\t\t\t\t\t\t<div class=\"elementor-container elementor-column-gap-no\">\n\t\t\t\t\t<div class=\"elementor-column elementor-col-50 elementor-top-column elementor-element elementor-element-889c9a8\" data-id=\"889c9a8\" data-element_type=\"column\" data-settings=\"{&quot;background_background&quot;:&quot;classic&quot;}\">\n\t\t\t<div class=\"elementor-widget-wrap elementor-element-populated\">\n\t\t\t\t\t\t\t\t<div class=\"elementor-element elementor-element-126a353 elementor-widget elementor-widget-banner\" data-id=\"126a353\" data-element_type=\"widget\" data-widget_type=\"banner.default\">\n\t\t\t\t<div class=\"elementor-widget-container\">\n\t\t\t\t    <div id=\"banner-3470\" class=\"banner  banner-type-3 et_image-with-hover et_image-hover-3 valign-middle font-style-dark no-titles\" >\r\n    \t\t<img decoding=\"async\" src=\"https:\/\/importcruz.com\/wp-content\/uploads\/elementor\/thumbs\/BEASTNEWai_Update-pxe43rfjairamxb589zfinu1lyv42bv65ps9i2u6xy.png\" title=\"BEASTNEWai_Update\" alt=\"BEASTNEWai_Update\" class=\"elementor-animation- \" \/>\t    \t<div class=\"banner-content \">\r\n\r\n\t\t\t\t\t\t    \t<div class=\"content-inner\">\r\n\r\n\t\t    \t\t\r\n\t\t    \t<\/div>\r\n\t\t    \t\t    \t<\/div>\r\n\t  \t<\/div>\r\n\t\r\n\t\t\t\t<\/div>\n\t\t\t\t<\/div>\n\t\t\t\t\t<\/div>\n\t\t<\/div>\n\t\t\t\t<div class=\"elementor-column elementor-col-50 elementor-top-column elementor-element elementor-element-2e65af6\" data-id=\"2e65af6\" data-element_type=\"column\">\n\t\t\t<div class=\"elementor-widget-wrap elementor-element-populated\">\n\t\t\t\t\t\t\t\t<div class=\"elementor-element elementor-element-9970574 elementor-widget elementor-widget-heading\" data-id=\"9970574\" data-element_type=\"widget\" data-widget_type=\"heading.default\">\n\t\t\t\t<div class=\"elementor-widget-container\">\n\t\t\t<h2 class=\"elementor-heading-title elementor-size-default\">Aplicaciones<\/h2>\t\t<\/div>\n\t\t\t\t<\/div>\n\t\t\t\t<div class=\"elementor-element elementor-element-b61a140 elementor-widget elementor-widget-text-editor\" data-id=\"b61a140\" data-element_type=\"widget\" data-widget_type=\"text-editor.default\">\n\t\t\t\t<div class=\"elementor-widget-container\">\n\t\t\t\t\t\t\t<p><span>Durante d\u00e9cadas, SANDPIPER ha sido su fabricante de bombas neum\u00e1ticas de doble diafragma (AODD) de referencia para una gama de soluciones para resolver las necesidades espec\u00edficas de las aplicaciones del mercado.\u00a0Nos enorgullece brindarle apoyo con sus necesidades b\u00e1sicas de bombeo de AODD, as\u00ed como tambi\u00e9n trabajar en estrecha colaboraci\u00f3n con usted para resolver sus problemas de bombeo m\u00e1s desafiantes.<\/span><\/p><p><span>Conf\u00ede en nuestra experiencia e innovaci\u00f3n en ingenier\u00eda de clase mundial para brindarle una durabilidad y un rendimiento l\u00edderes en la industria.\u00a0Ofrecemos la gama de productos m\u00e1s vers\u00e1til para satisfacer las necesidades de una amplia variedad de aplicaciones del mercado.<\/span><\/p>\t\t\t\t\t\t<\/div>\n\t\t\t\t<\/div>\n\t\t\t\t<div class=\"elementor-element elementor-element-469046d elementor-align-center elementor-widget elementor-widget-button\" data-id=\"469046d\" data-element_type=\"widget\" data-widget_type=\"button.default\">\n\t\t\t\t<div class=\"elementor-widget-container\">\n\t\t\t\t\t<div class=\"elementor-button-wrapper\">\n\t\t\t<a href=\"https:\/\/importcruz.com\/index.php\/product-category\/sandpiper\/\" class=\"elementor-button-link elementor-button elementor-size-sm\" role=\"button\">\n\t\t\t\t\t\t<span class=\"elementor-button-content-wrapper\">\n\t\t\t\t\t\t<span class=\"elementor-button-text\">Ver Mas<\/span>\n\t\t<\/span>\n\t\t\t\t\t<\/a>\n\t\t<\/div>\n\t\t\t\t<\/div>\n\t\t\t\t<\/div>\n\t\t\t\t\t<\/div>\n\t\t<\/div>\n\t\t\t\t\t\t\t<\/div>\n\t\t<\/section>\n\t\t\t\t\t\t\t<\/div>\n\t\t","protected":false},"excerpt":{"rendered":"<p>30 South Avenue San Francisco Phone: +1 408 996 1010 Email: Support@xstore.com Facebook Twitter Instagram Youtube Telegram SANDPIPER Durante d\u00e9cadas, SANDPIPER ha sido su fabricante&#8230;<\/p>\n","protected":false},"author":1,"featured_media":0,"parent":0,"menu_order":0,"comment_status":"closed","ping_status":"closed","template":"","meta":{"_joinchat":[],"footnotes":""},"class_list":["post-5232","page","type-page","status-publish","hentry"],"_links":{"self":[{"href":"https:\/\/importcruz.com\/index.php\/wp-json\/wp\/v2\/pages\/5232"}],"collection":[{"href":"https:\/\/importcruz.com\/index.php\/wp-json\/wp\/v2\/pages"}],"about":[{"href":"https:\/\/importcruz.com\/index.php\/wp-json\/wp\/v2\/types\/page"}],"author":[{"embeddable":true,"href":"https:\/\/importcruz.com\/index.php\/wp-json\/wp\/v2\/users\/1"}],"replies":[{"embeddable":true,"href":"https:\/\/importcruz.com\/index.php\/wp-json\/wp\/v2\/comments?post=5232"}],"version-history":[{"count":111,"href":"https:\/\/importcruz.com\/index.php\/wp-json\/wp\/v2\/pages\/5232\/revisions"}],"predecessor-version":[{"id":5761,"href":"https:\/\/importcruz.com\/index.php\/wp-json\/wp\/v2\/pages\/5232\/revisions\/5761"}],"wp:attachment":[{"href":"https:\/\/importcruz.com\/index.php\/wp-json\/wp\/v2\/media?parent=5232"}],"curies":[{"name":"wp","href":"https:\/\/api.w.org\/{rel}","templated":true}]}}